{"id":16952,"date":"2021-09-29T17:57:08","date_gmt":"2021-09-29T15:57:08","guid":{"rendered":"https:\/\/sundar.be\/product\/even-skin-glow-serum\/"},"modified":"2025-12-18T09:15:37","modified_gmt":"2025-12-18T08:15:37","slug":"even-skin-glow-serum","status":"publish","type":"product","link":"https:\/\/sundar.be\/fr\/produit\/even-skin-glow-serum\/","title":{"rendered":"LCN Even Skin Glow Serum"},"content":{"rendered":"<h2>Qu&rsquo;est-ce que Even Skin Glow ?<\/h2>\n<div>\n<p>Even Skin Glow associe des principes actifs efficaces \u00e0 des pigments pour un teint naturel, durable et uniforme. En raison de la faible quantit\u00e9 de pigments, une am\u00e9lioration naturelle de la peau se produit. Au cours des diff\u00e9rents traitements, la peau est intens\u00e9ment nourrie et fortifi\u00e9e. Les pigments r\u00e9flecteurs de lumi\u00e8re garantissent un aspect naturel et un teint uniforme qui durera jusqu&rsquo;\u00e0 six mois. Selon le d\u00e9sir du client, l&rsquo;intensit\u00e9 peut \u00eatre augment\u00e9e.<\/p>\n<h3>Comment obtenir l&rsquo;effet \u00a0\u00bb Even Skin Glow \u00a0\u00bb ?<\/h3>\n<div>Les ingr\u00e9dients actifs ont un effet \u00e9quilibrant durable, ils sont hydratants et raffermissants. Les pigmentations existantes sont \u00e9claircies. Les hyperpigmentations sont \u00e9vit\u00e9es, couvertes. Les faibles quantit\u00e9s de dioxyde de fer et de dioxyde de titane ont un effet colorant. Une lueur visible gr\u00e2ce aux reflets de la lumi\u00e8re du jour.<\/div>\n<\/div>\n","protected":false},"excerpt":{"rendered":"<p><em>Teint uniforme sans maquillage.<\/em><\/p>\n","protected":false},"featured_media":12965,"comment_status":"closed","ping_status":"closed","template":"","meta":{"_acf_changed":false},"product_brand":[],"product_cat":[2187],"product_tag":[2715],"class_list":{"0":"post-16952","1":"product","2":"type-product","3":"status-publish","4":"has-post-thumbnail","6":"product_cat-even-skin-glow-fr-fr","7":"product_tag-lcn-fr","8":"pa_kleur-dark","9":"pa_kleur-dark-tan","10":"pa_kleur-light","12":"first","13":"instock","14":"taxable","15":"shipping-taxable","16":"product-type-variable"},"acf":[],"_links":{"self":[{"href":"https:\/\/sundar.be\/fr\/wp-json\/wp\/v2\/product\/16952","targetHints":{"allow":["GET"]}}],"collection":[{"href":"https:\/\/sundar.be\/fr\/wp-json\/wp\/v2\/product"}],"about":[{"href":"https:\/\/sundar.be\/fr\/wp-json\/wp\/v2\/types\/product"}],"replies":[{"embeddable":true,"href":"https:\/\/sundar.be\/fr\/wp-json\/wp\/v2\/comments?post=16952"}],"wp:featuredmedia":[{"embeddable":true,"href":"https:\/\/sundar.be\/fr\/wp-json\/wp\/v2\/media\/12965"}],"wp:attachment":[{"href":"https:\/\/sundar.be\/fr\/wp-json\/wp\/v2\/media?parent=16952"}],"wp:term":[{"taxonomy":"product_brand","embeddable":true,"href":"https:\/\/sundar.be\/fr\/wp-json\/wp\/v2\/product_brand?post=16952"},{"taxonomy":"product_cat","embeddable":true,"href":"https:\/\/sundar.be\/fr\/wp-json\/wp\/v2\/product_cat?post=16952"},{"taxonomy":"product_tag","embeddable":true,"href":"https:\/\/sundar.be\/fr\/wp-json\/wp\/v2\/product_tag?post=16952"}],"curies":[{"name":"wp","href":"https:\/\/api.w.org\/{rel}","templated":true}]}}