{"id":16924,"date":"2021-09-29T17:57:08","date_gmt":"2021-09-29T15:57:08","guid":{"rendered":"https:\/\/sundar.be\/product\/spatulas-for-depilation\/"},"modified":"2025-08-04T14:51:58","modified_gmt":"2025-08-04T12:51:58","slug":"spatulas-for-depilation","status":"publish","type":"product","link":"https:\/\/sundar.be\/fr\/produit\/spatulas-for-depilation\/","title":{"rendered":"Spatules en bois, 100 pi\u00e8ces"},"content":{"rendered":"<p>Spatules en r\u00e9sine de bois, fabriqu\u00e9es de mani\u00e8re hygi\u00e9nique et sans \u00e9claboussures ! Convient parfaitement \u00e0 l&rsquo;application de la cire chaude sur la peau. <\/p>\n","protected":false},"excerpt":{"rendered":"<p>Spatules en r\u00e9sine de bois, fabriqu\u00e9es de mani\u00e8re hygi\u00e9nique et sans \u00e9claboussures ! Convient parfaitement \u00e0 l&rsquo;application de la cire chaude sur la peau.<\/p>\n","protected":false},"featured_media":42549,"comment_status":"closed","ping_status":"closed","template":"","meta":{"_acf_changed":false},"product_brand":[],"product_cat":[4767,1584,4602],"product_tag":[2715],"class_list":{"0":"post-16924","1":"product","2":"type-product","3":"status-publish","4":"has-post-thumbnail","6":"product_cat-beaute","7":"product_cat-depilation","8":"product_cat-spatules-pinceaux","9":"product_tag-lcn-fr","10":"pa_vorm-big-fr","11":"pa_vorm-small-fr","13":"first","14":"instock","15":"taxable","16":"shipping-taxable","17":"product-type-variable"},"acf":[],"_links":{"self":[{"href":"https:\/\/sundar.be\/fr\/wp-json\/wp\/v2\/product\/16924","targetHints":{"allow":["GET"]}}],"collection":[{"href":"https:\/\/sundar.be\/fr\/wp-json\/wp\/v2\/product"}],"about":[{"href":"https:\/\/sundar.be\/fr\/wp-json\/wp\/v2\/types\/product"}],"replies":[{"embeddable":true,"href":"https:\/\/sundar.be\/fr\/wp-json\/wp\/v2\/comments?post=16924"}],"wp:featuredmedia":[{"embeddable":true,"href":"https:\/\/sundar.be\/fr\/wp-json\/wp\/v2\/media\/42549"}],"wp:attachment":[{"href":"https:\/\/sundar.be\/fr\/wp-json\/wp\/v2\/media?parent=16924"}],"wp:term":[{"taxonomy":"product_brand","embeddable":true,"href":"https:\/\/sundar.be\/fr\/wp-json\/wp\/v2\/product_brand?post=16924"},{"taxonomy":"product_cat","embeddable":true,"href":"https:\/\/sundar.be\/fr\/wp-json\/wp\/v2\/product_cat?post=16924"},{"taxonomy":"product_tag","embeddable":true,"href":"https:\/\/sundar.be\/fr\/wp-json\/wp\/v2\/product_tag?post=16924"}],"curies":[{"name":"wp","href":"https:\/\/api.w.org\/{rel}","templated":true}]}}