{"id":16793,"date":"2021-09-29T17:50:55","date_gmt":"2021-09-29T15:50:55","guid":{"rendered":"https:\/\/sundar.be\/product\/led-unit-skypro-silver-grey\/"},"modified":"2025-08-04T14:51:55","modified_gmt":"2025-08-04T12:51:55","slug":"led-unit-skypro-silver-grey","status":"publish","type":"product","link":"https:\/\/sundar.be\/fr\/produit\/led-unit-skypro-silver-grey\/","title":{"rendered":"LED-Unit SkyPRO \u00ab\u00a0Silver Grey\u00a0\u00bb"},"content":{"rendered":"<p>Cette lampe de haute technologie est le dernier d\u00e9veloppement en mati\u00e8re de dispositifs LED et offre une gestion optimale de la chaleur.<br \/>\nId\u00e9al pour une utilisation continue en studio, il se distingue par sa qualit\u00e9 et son confort maximal.<br \/>\n14 LED durcissent tous les plastiques LCN en seulement 60 secondes.<br \/>\nL&rsquo;appareil \u00e0 LED dispose \u00e9galement de deux intervalles de temps suppl\u00e9mentaires de 15 et 30 secondes pour une plus grande flexibilit\u00e9.<br \/>\nUne barri\u00e8re lumineuse automatique contr\u00f4le l&rsquo;activit\u00e9 des LED lorsque la main est mise en place ou retir\u00e9e.<br \/>\nUn repose-main mobile offre encore plus de commodit\u00e9 et emp\u00eache les ongles de se heurter au bord de l&rsquo;\u00e9tui.<br \/>\nPour un travail particuli\u00e8rement hygi\u00e9nique, LCN propose des supports sp\u00e9ciaux pour les mains (Art. No. : 13137).<\/p>\n<p>Donn\u00e9es techniques :<br \/>\n&#8211; Tension : 100-240 V, 50-60 Hz<br \/>\n&#8211; DC : 12 V 2 A<br \/>\n&#8211; Longueur d&rsquo;onde : 395-405 nanom\u00e8tres<br \/>\n&#8211; Nombre de LEDs int\u00e9gr\u00e9es : 14<br \/>\n&#8211; Dimensions (L\/P\/H) : 28,5 cm x 25 cm x 12,5 cm<br \/>\n&#8211; Poids : 850 g<\/p>\n","protected":false},"excerpt":{"rendered":"<p>Cette lampe de haute technologie est le dernier d\u00e9veloppement en mati\u00e8re de dispositifs LED et offre une gestion optimale de la chaleur. Id\u00e9al pour une utilisation continue en studio, il se distingue par sa qualit\u00e9 et son confort maximal. 14 LED durcissent tous les plastiques LCN en seulement 60 secondes. L&rsquo;appareil \u00e0 LED dispose \u00e9galement [&hellip;]<\/p>\n","protected":false},"featured_media":12787,"comment_status":"closed","ping_status":"closed","template":"","meta":{"_acf_changed":false},"product_brand":[],"product_cat":[6311,4945,4769,6313,1629,4936],"product_tag":[2715],"class_list":{"0":"post-16793","1":"product","2":"type-product","3":"status-publish","4":"has-post-thumbnail","6":"product_cat-lcn-accessoires","7":"product_cat-amenagement-institut-webshop-fr","8":"product_cat-amenagement-appareils","9":"product_cat-lcn-accessoires-lampes-fraises","10":"product_cat-lampes-led","11":"product_cat-lcn-fr","12":"product_tag-lcn-fr","13":"pa_vorm-handrests-fr","14":"pa_vorm-unit-fr","16":"first","17":"instock","18":"taxable","19":"shipping-taxable","20":"product-type-simple"},"acf":[],"_links":{"self":[{"href":"https:\/\/sundar.be\/fr\/wp-json\/wp\/v2\/product\/16793","targetHints":{"allow":["GET"]}}],"collection":[{"href":"https:\/\/sundar.be\/fr\/wp-json\/wp\/v2\/product"}],"about":[{"href":"https:\/\/sundar.be\/fr\/wp-json\/wp\/v2\/types\/product"}],"replies":[{"embeddable":true,"href":"https:\/\/sundar.be\/fr\/wp-json\/wp\/v2\/comments?post=16793"}],"wp:featuredmedia":[{"embeddable":true,"href":"https:\/\/sundar.be\/fr\/wp-json\/wp\/v2\/media\/12787"}],"wp:attachment":[{"href":"https:\/\/sundar.be\/fr\/wp-json\/wp\/v2\/media?parent=16793"}],"wp:term":[{"taxonomy":"product_brand","embeddable":true,"href":"https:\/\/sundar.be\/fr\/wp-json\/wp\/v2\/product_brand?post=16793"},{"taxonomy":"product_cat","embeddable":true,"href":"https:\/\/sundar.be\/fr\/wp-json\/wp\/v2\/product_cat?post=16793"},{"taxonomy":"product_tag","embeddable":true,"href":"https:\/\/sundar.be\/fr\/wp-json\/wp\/v2\/product_tag?post=16793"}],"curies":[{"name":"wp","href":"https:\/\/api.w.org\/{rel}","templated":true}]}}