{"id":16708,"date":"2021-09-29T17:49:10","date_gmt":"2021-09-29T15:49:10","guid":{"rendered":"https:\/\/sundar.be\/product\/citrus-foot-cream\/"},"modified":"2025-11-25T15:21:50","modified_gmt":"2025-11-25T14:21:50","slug":"citrus-foot-cream","status":"publish","type":"product","link":"https:\/\/sundar.be\/fr\/produit\/citrus-foot-cream\/","title":{"rendered":"LCN Citrus Ginger Foot Cream, 100ml"},"content":{"rendered":"<p><span style=\"color: #d4b925;\"><strong>Citrus Ginger Foot Cream<\/strong><\/span> est une cr\u00e8me nourrissante et revitalisante pour les pieds qui hydrate intens\u00e9ment les pieds secs et fatigu\u00e9s tout en procurant une sensation imm\u00e9diate de fra\u00eecheur et de confort. Sa formule riche associe des huiles v\u00e9g\u00e9tales, des agents hydratants et des actifs r\u00e9parateurs \u00e0 un parfum stimulant de citron et de gingembre pour une peau douce, souple et tonifi\u00e9e. <\/p>\n","protected":false},"excerpt":{"rendered":"<p>Citrus Ginger Foot Cream hydrate en profondeur et adoucit la peau rugueuse, tout en apportant fra\u00eecheur et vitalit\u00e9 aux pieds. La cr\u00e8me renforce la barri\u00e8re cutan\u00e9e et procure un confort durable et une sensation de fra\u00eecheur prolong\u00e9e. <\/p>\n","protected":false},"featured_media":37101,"comment_status":"closed","ping_status":"closed","template":"","meta":{"_acf_changed":false},"product_brand":[],"product_cat":[3135,4998,4755,1427,4996],"product_tag":[2715],"class_list":{"0":"post-16708","1":"product","2":"type-product","3":"status-publish","4":"has-post-thumbnail","6":"product_cat-lcn-soins-pieds-citrus-ginger","7":"product_cat-cremes-lotions-pieds","8":"product_cat-pedicure","9":"product_cat-lcn-soin-de-pieds","10":"product_cat-soins-quotidiens-des-pieds","11":"product_tag-lcn-fr","12":"pa_inhoud-100-ml-fr","13":"pa_inhoud-1000-ml-fr","15":"first","16":"instock","17":"taxable","18":"shipping-taxable","19":"product-type-simple"},"acf":[],"_links":{"self":[{"href":"https:\/\/sundar.be\/fr\/wp-json\/wp\/v2\/product\/16708","targetHints":{"allow":["GET"]}}],"collection":[{"href":"https:\/\/sundar.be\/fr\/wp-json\/wp\/v2\/product"}],"about":[{"href":"https:\/\/sundar.be\/fr\/wp-json\/wp\/v2\/types\/product"}],"replies":[{"embeddable":true,"href":"https:\/\/sundar.be\/fr\/wp-json\/wp\/v2\/comments?post=16708"}],"wp:featuredmedia":[{"embeddable":true,"href":"https:\/\/sundar.be\/fr\/wp-json\/wp\/v2\/media\/37101"}],"wp:attachment":[{"href":"https:\/\/sundar.be\/fr\/wp-json\/wp\/v2\/media?parent=16708"}],"wp:term":[{"taxonomy":"product_brand","embeddable":true,"href":"https:\/\/sundar.be\/fr\/wp-json\/wp\/v2\/product_brand?post=16708"},{"taxonomy":"product_cat","embeddable":true,"href":"https:\/\/sundar.be\/fr\/wp-json\/wp\/v2\/product_cat?post=16708"},{"taxonomy":"product_tag","embeddable":true,"href":"https:\/\/sundar.be\/fr\/wp-json\/wp\/v2\/product_tag?post=16708"}],"curies":[{"name":"wp","href":"https:\/\/api.w.org\/{rel}","templated":true}]}}