{"id":16692,"date":"2021-09-29T17:47:24","date_gmt":"2021-09-29T15:47:24","guid":{"rendered":"https:\/\/sundar.be\/product\/urea-10-foot-mask\/"},"modified":"2025-11-25T15:25:25","modified_gmt":"2025-11-25T14:25:25","slug":"urea-10-foot-mask","status":"publish","type":"product","link":"https:\/\/sundar.be\/fr\/produit\/urea-10-foot-mask\/","title":{"rendered":"LCN Urea 10% Foot Mask"},"content":{"rendered":"<p><strong><span style=\"color: #90bece;\">Urea 10% Foot Mask <\/span><\/strong>est un masque intensif r\u00e9parateur pour les pieds, sp\u00e9cialement con\u00e7u pour rendre les pieds tr\u00e8s secs, rugueux ou fissur\u00e9s \u00e0 nouveau doux et souples. Sa formule riche et cr\u00e9meuse contient 10 % d\u2019ur\u00e9e, associ\u00e9e \u00e0 des ingr\u00e9dients hydratants, apaisants et restaurateurs de la barri\u00e8re cutan\u00e9e, pour r\u00e9duire efficacement les callosit\u00e9s, lisser les zones rugueuses et soulager l\u2019inconfort. <\/p>\n<p>&nbsp;<\/p>\n","protected":false},"excerpt":{"rendered":"<p>Urea 10% Foot Mask hydrate et adoucit intens\u00e9ment, r\u00e9duisant les zones dures et s\u00e8ches pour des pieds \u00e0 la peau souple. Il procure un soin durable et aide \u00e0 restaurer la barri\u00e8re cutan\u00e9e naturelle. <\/p>\n","protected":false},"featured_media":37426,"comment_status":"closed","ping_status":"closed","template":"","meta":{"_acf_changed":false},"product_brand":[],"product_cat":[5000,4936,4755,1427,4999,4907,1438],"product_tag":[2715],"class_list":{"0":"post-16692","1":"product","2":"type-product","3":"status-publish","4":"has-post-thumbnail","6":"product_cat-callosites-crevasses","7":"product_cat-lcn-fr","8":"product_cat-pedicure","9":"product_cat-lcn-soin-de-pieds","10":"product_cat-soins-specifique-pieds","11":"product_cat-soins","12":"product_cat-soins-des-pieds-urea","13":"product_tag-lcn-fr","14":"pa_inhoud-100-ml-fr","15":"pa_inhoud-1000-ml-fr","17":"first","18":"instock","19":"taxable","20":"shipping-taxable","21":"product-type-variable"},"acf":[],"_links":{"self":[{"href":"https:\/\/sundar.be\/fr\/wp-json\/wp\/v2\/product\/16692","targetHints":{"allow":["GET"]}}],"collection":[{"href":"https:\/\/sundar.be\/fr\/wp-json\/wp\/v2\/product"}],"about":[{"href":"https:\/\/sundar.be\/fr\/wp-json\/wp\/v2\/types\/product"}],"replies":[{"embeddable":true,"href":"https:\/\/sundar.be\/fr\/wp-json\/wp\/v2\/comments?post=16692"}],"wp:featuredmedia":[{"embeddable":true,"href":"https:\/\/sundar.be\/fr\/wp-json\/wp\/v2\/media\/37426"}],"wp:attachment":[{"href":"https:\/\/sundar.be\/fr\/wp-json\/wp\/v2\/media?parent=16692"}],"wp:term":[{"taxonomy":"product_brand","embeddable":true,"href":"https:\/\/sundar.be\/fr\/wp-json\/wp\/v2\/product_brand?post=16692"},{"taxonomy":"product_cat","embeddable":true,"href":"https:\/\/sundar.be\/fr\/wp-json\/wp\/v2\/product_cat?post=16692"},{"taxonomy":"product_tag","embeddable":true,"href":"https:\/\/sundar.be\/fr\/wp-json\/wp\/v2\/product_tag?post=16692"}],"curies":[{"name":"wp","href":"https:\/\/api.w.org\/{rel}","templated":true}]}}