{"id":16686,"date":"2021-09-29T17:47:24","date_gmt":"2021-09-29T15:47:24","guid":{"rendered":"https:\/\/sundar.be\/product\/urea-10-foot-cream\/"},"modified":"2025-11-25T15:25:29","modified_gmt":"2025-11-25T14:25:29","slug":"urea-10-foot-cream","status":"publish","type":"product","link":"https:\/\/sundar.be\/fr\/produit\/urea-10-foot-cream\/","title":{"rendered":"LCN Urea 10% Foot Cream"},"content":{"rendered":"<p><span style=\"color: #90bece;\"><strong>Urea 10% Foot Cream<\/strong><\/span> est une cr\u00e8me pour les pieds intens\u00e9ment nourrissante et r\u00e9paratrice, sp\u00e9cialement formul\u00e9e pour les pieds secs, rugueux et sensibles. Sa formule riche associe 10 % d\u2019ur\u00e9e \u00e0 des ingr\u00e9dients hydratants et apaisants pour r\u00e9duire les callosit\u00e9s, assouplir la peau et offrir un confort durable sans fini gras. <\/p>\n<p>&nbsp;<\/p>\n","protected":false},"excerpt":{"rendered":"<p>Urea 10% Foot Cream hydrate profond\u00e9ment et adoucit les zones \u00e9paissies, s\u00e8ches ou tendues, laissant les pieds visiblement plus lisses et plus confortables. La cr\u00e8me renforce la barri\u00e8re cutan\u00e9e et apporte un soin prolong\u00e9 pour des pieds souples et doux jour apr\u00e8s jour. <\/p>\n","protected":false},"featured_media":37428,"comment_status":"closed","ping_status":"closed","template":"","meta":{"_acf_changed":false},"product_brand":[],"product_cat":[5000,4998,4936,4755,1427,4999,1438,4996],"product_tag":[2715],"class_list":{"0":"post-16686","1":"product","2":"type-product","3":"status-publish","4":"has-post-thumbnail","6":"product_cat-callosites-crevasses","7":"product_cat-cremes-lotions-pieds","8":"product_cat-lcn-fr","9":"product_cat-pedicure","10":"product_cat-lcn-soin-de-pieds","11":"product_cat-soins-specifique-pieds","12":"product_cat-soins-des-pieds-urea","13":"product_cat-soins-quotidiens-des-pieds","14":"product_tag-lcn-fr","15":"pa_inhoud-100-ml-fr","16":"pa_inhoud-1000-ml-fr","17":"pa_inhoud-3-ml-fr","19":"first","20":"instock","21":"taxable","22":"shipping-taxable","23":"product-type-variable"},"acf":[],"_links":{"self":[{"href":"https:\/\/sundar.be\/fr\/wp-json\/wp\/v2\/product\/16686","targetHints":{"allow":["GET"]}}],"collection":[{"href":"https:\/\/sundar.be\/fr\/wp-json\/wp\/v2\/product"}],"about":[{"href":"https:\/\/sundar.be\/fr\/wp-json\/wp\/v2\/types\/product"}],"replies":[{"embeddable":true,"href":"https:\/\/sundar.be\/fr\/wp-json\/wp\/v2\/comments?post=16686"}],"wp:featuredmedia":[{"embeddable":true,"href":"https:\/\/sundar.be\/fr\/wp-json\/wp\/v2\/media\/37428"}],"wp:attachment":[{"href":"https:\/\/sundar.be\/fr\/wp-json\/wp\/v2\/media?parent=16686"}],"wp:term":[{"taxonomy":"product_brand","embeddable":true,"href":"https:\/\/sundar.be\/fr\/wp-json\/wp\/v2\/product_brand?post=16686"},{"taxonomy":"product_cat","embeddable":true,"href":"https:\/\/sundar.be\/fr\/wp-json\/wp\/v2\/product_cat?post=16686"},{"taxonomy":"product_tag","embeddable":true,"href":"https:\/\/sundar.be\/fr\/wp-json\/wp\/v2\/product_tag?post=16686"}],"curies":[{"name":"wp","href":"https:\/\/api.w.org\/{rel}","templated":true}]}}