{"id":16681,"date":"2021-09-29T17:47:24","date_gmt":"2021-09-29T15:47:24","guid":{"rendered":"https:\/\/sundar.be\/product\/urea-15-foot-bath\/"},"modified":"2025-11-25T15:25:17","modified_gmt":"2025-11-25T14:25:17","slug":"urea-15-foot-bath","status":"publish","type":"product","link":"https:\/\/sundar.be\/fr\/produit\/urea-15-foot-bath\/","title":{"rendered":"LCN Urea 15% Foot Bath, 600g"},"content":{"rendered":"<p>Le <span style=\"color: #90bece;\"><strong>Urea 15% Foot Bath<\/strong><\/span> est enrichi en ur\u00e9e physiologique, hydratante naturelle, en sel de la M\u00e9diterran\u00e9e et en allanto\u00efne r\u00e9g\u00e9n\u00e9rante. C&rsquo;est un v\u00e9ritable cocktail de bien-\u00eatre pour les pieds stress\u00e9s. Gr\u00e2ce aux huiles essentielles d&rsquo;orange, d&rsquo;aiguilles de sapin et de pin de montagne, la peau est soyeuse.<\/p>\n<p>&nbsp;<\/p>\n","protected":false},"excerpt":{"rendered":"<p>Sels de bain avec 15% d&rsquo;ur\u00e9e.<\/p>\n","protected":false},"featured_media":37430,"comment_status":"closed","ping_status":"closed","template":"","meta":{"_acf_changed":false},"product_brand":[],"product_cat":[5055,5000,4755,5056,1427,4999,1438],"product_tag":[2715],"class_list":{"0":"post-16681","1":"product","2":"type-product","3":"status-publish","4":"has-post-thumbnail","6":"product_cat-bains-pieds-gommage","7":"product_cat-callosites-crevasses","8":"product_cat-pedicure","9":"product_cat-produits-bain-pieds","10":"product_cat-lcn-soin-de-pieds","11":"product_cat-soins-specifique-pieds","12":"product_cat-soins-des-pieds-urea","13":"product_tag-lcn-fr","14":"pa_inhoud-120-g-fr","15":"pa_inhoud-600-g-fr","17":"first","18":"instock","19":"taxable","20":"shipping-taxable","21":"product-type-simple"},"acf":[],"_links":{"self":[{"href":"https:\/\/sundar.be\/fr\/wp-json\/wp\/v2\/product\/16681","targetHints":{"allow":["GET"]}}],"collection":[{"href":"https:\/\/sundar.be\/fr\/wp-json\/wp\/v2\/product"}],"about":[{"href":"https:\/\/sundar.be\/fr\/wp-json\/wp\/v2\/types\/product"}],"replies":[{"embeddable":true,"href":"https:\/\/sundar.be\/fr\/wp-json\/wp\/v2\/comments?post=16681"}],"wp:featuredmedia":[{"embeddable":true,"href":"https:\/\/sundar.be\/fr\/wp-json\/wp\/v2\/media\/37430"}],"wp:attachment":[{"href":"https:\/\/sundar.be\/fr\/wp-json\/wp\/v2\/media?parent=16681"}],"wp:term":[{"taxonomy":"product_brand","embeddable":true,"href":"https:\/\/sundar.be\/fr\/wp-json\/wp\/v2\/product_brand?post=16681"},{"taxonomy":"product_cat","embeddable":true,"href":"https:\/\/sundar.be\/fr\/wp-json\/wp\/v2\/product_cat?post=16681"},{"taxonomy":"product_tag","embeddable":true,"href":"https:\/\/sundar.be\/fr\/wp-json\/wp\/v2\/product_tag?post=16681"}],"curies":[{"name":"wp","href":"https:\/\/api.w.org\/{rel}","templated":true}]}}