{"id":16670,"date":"2021-09-29T17:47:24","date_gmt":"2021-09-29T15:47:24","guid":{"rendered":"https:\/\/sundar.be\/product\/mykosept-plus\/"},"modified":"2025-11-25T15:25:21","modified_gmt":"2025-11-25T14:25:21","slug":"mykosept-plus","status":"publish","type":"product","link":"https:\/\/sundar.be\/fr\/produit\/mykosept-plus\/","title":{"rendered":"LCN Mykosept plus"},"content":{"rendered":"<p><span style=\"color: #466b69;\"><strong>Mykosept Plus<\/strong><\/span> est un vernis \u00e0 ongles antimycotique sp\u00e9cialement con\u00e7u pour traiter efficacement les ongles atteints de mycose et prot\u00e9ger la plaque ungu\u00e9ale. Le vernis forme un film lisse et respirant sur l\u2019ongle et lib\u00e8re un actif antifongique qui freine la prolif\u00e9ration des champignons et micro-organismes, tout en soutenant la structure de l\u2019ongle durant sa r\u00e9g\u00e9n\u00e9ration. <\/p>\n<p>&nbsp;<\/p>\n","protected":false},"excerpt":{"rendered":"<p>Mykosept Plus traite et prot\u00e8ge les ongles mycos\u00e9s en inhibant activement la croissance fongique et en am\u00e9liorant l\u2019\u00e9tat g\u00e9n\u00e9ral de l\u2019ongle. Une utilisation r\u00e9guli\u00e8re contribue \u00e0 une plaque ungu\u00e9ale plus saine, plus r\u00e9sistante et d\u2019aspect plus net. <\/p>\n","protected":false},"featured_media":12656,"comment_status":"closed","ping_status":"closed","template":"","meta":{"_acf_changed":false},"product_brand":[],"product_cat":[4755,1436,1427],"product_tag":[2715],"class_list":{"0":"post-16670","1":"product","2":"type-product","3":"status-publish","4":"has-post-thumbnail","6":"product_cat-pedicure","7":"product_cat-produits-speciaux","8":"product_cat-lcn-soin-de-pieds","9":"product_tag-lcn-fr","10":"pa_vorm-bouteille","11":"pa_vorm-set-fr","13":"first","14":"instock","15":"taxable","16":"shipping-taxable","17":"product-type-variable"},"acf":[],"_links":{"self":[{"href":"https:\/\/sundar.be\/fr\/wp-json\/wp\/v2\/product\/16670","targetHints":{"allow":["GET"]}}],"collection":[{"href":"https:\/\/sundar.be\/fr\/wp-json\/wp\/v2\/product"}],"about":[{"href":"https:\/\/sundar.be\/fr\/wp-json\/wp\/v2\/types\/product"}],"replies":[{"embeddable":true,"href":"https:\/\/sundar.be\/fr\/wp-json\/wp\/v2\/comments?post=16670"}],"wp:featuredmedia":[{"embeddable":true,"href":"https:\/\/sundar.be\/fr\/wp-json\/wp\/v2\/media\/12656"}],"wp:attachment":[{"href":"https:\/\/sundar.be\/fr\/wp-json\/wp\/v2\/media?parent=16670"}],"wp:term":[{"taxonomy":"product_brand","embeddable":true,"href":"https:\/\/sundar.be\/fr\/wp-json\/wp\/v2\/product_brand?post=16670"},{"taxonomy":"product_cat","embeddable":true,"href":"https:\/\/sundar.be\/fr\/wp-json\/wp\/v2\/product_cat?post=16670"},{"taxonomy":"product_tag","embeddable":true,"href":"https:\/\/sundar.be\/fr\/wp-json\/wp\/v2\/product_tag?post=16670"}],"curies":[{"name":"wp","href":"https:\/\/api.w.org\/{rel}","templated":true}]}}