{"id":16664,"date":"2021-09-29T17:47:24","date_gmt":"2021-09-29T15:47:24","guid":{"rendered":"https:\/\/sundar.be\/product\/mykosept\/"},"modified":"2025-11-25T15:25:32","modified_gmt":"2025-11-25T14:25:32","slug":"mykosept","status":"publish","type":"product","link":"https:\/\/sundar.be\/fr\/produit\/mykosept\/","title":{"rendered":"LCN Mykosept"},"content":{"rendered":"<p><span style=\"color: #466b69;\"><strong>Mykosept<\/strong><\/span> est un produit antifongique sous forme de spray ou de gouttes, con\u00e7u pour traiter et pr\u00e9venir les infections fongiques de la peau et des ongles. Sa formule associe des agents purifiants et antimicrobiens \u00e0 des ingr\u00e9dients apaisants pour freiner la prolif\u00e9ration des champignons tout en soutenant la r\u00e9paration et le confort de la zone concern\u00e9e. <\/p>\n<p>&nbsp;<\/p>\n","protected":false},"excerpt":{"rendered":"<p>Mykosept inhibe efficacement la croissance des champignons et des micro-organismes ind\u00e9sirables et favorise la r\u00e9cup\u00e9ration de la peau ou de l\u2019environnement de l\u2019ongle. Sa formule agit de mani\u00e8re cibl\u00e9e sans irriter, pour une sensation de propret\u00e9, de fra\u00eecheur et de protection durable. <\/p>\n","protected":false},"featured_media":55730,"comment_status":"closed","ping_status":"closed","template":"","meta":{"_acf_changed":false},"product_brand":[],"product_cat":[4755,1436,1427],"product_tag":[2715],"class_list":{"0":"post-16664","1":"product","2":"type-product","3":"status-publish","4":"has-post-thumbnail","6":"product_cat-pedicure","7":"product_cat-produits-speciaux","8":"product_cat-lcn-soin-de-pieds","9":"product_tag-lcn-fr","10":"pa_inhoud-50-ml-fr","11":"pa_inhoud-500-ml-fr","12":"pa_vorm-with-dropper-fr","13":"pa_vorm-with-spray-fr","15":"first","16":"instock","17":"taxable","18":"shipping-taxable","19":"product-type-variable"},"acf":[],"_links":{"self":[{"href":"https:\/\/sundar.be\/fr\/wp-json\/wp\/v2\/product\/16664","targetHints":{"allow":["GET"]}}],"collection":[{"href":"https:\/\/sundar.be\/fr\/wp-json\/wp\/v2\/product"}],"about":[{"href":"https:\/\/sundar.be\/fr\/wp-json\/wp\/v2\/types\/product"}],"replies":[{"embeddable":true,"href":"https:\/\/sundar.be\/fr\/wp-json\/wp\/v2\/comments?post=16664"}],"wp:featuredmedia":[{"embeddable":true,"href":"https:\/\/sundar.be\/fr\/wp-json\/wp\/v2\/media\/55730"}],"wp:attachment":[{"href":"https:\/\/sundar.be\/fr\/wp-json\/wp\/v2\/media?parent=16664"}],"wp:term":[{"taxonomy":"product_brand","embeddable":true,"href":"https:\/\/sundar.be\/fr\/wp-json\/wp\/v2\/product_brand?post=16664"},{"taxonomy":"product_cat","embeddable":true,"href":"https:\/\/sundar.be\/fr\/wp-json\/wp\/v2\/product_cat?post=16664"},{"taxonomy":"product_tag","embeddable":true,"href":"https:\/\/sundar.be\/fr\/wp-json\/wp\/v2\/product_tag?post=16664"}],"curies":[{"name":"wp","href":"https:\/\/api.w.org\/{rel}","templated":true}]}}