{"id":16659,"date":"2021-09-29T17:45:21","date_gmt":"2021-09-29T15:45:21","guid":{"rendered":"https:\/\/sundar.be\/product\/calludone\/"},"modified":"2025-12-18T08:48:53","modified_gmt":"2025-12-18T07:48:53","slug":"calludone","status":"publish","type":"product","link":"https:\/\/sundar.be\/fr\/produit\/calludone\/","title":{"rendered":"LCN Calludone"},"content":{"rendered":"<p><span style=\"color: #557e96;\"><strong>Calludone<\/strong><\/span> assouplit et ramollit les callosit\u00e9s en peu de temps, rendant leur \u00e9limination plus simple et plus s\u00fbre. Le produit agit rapidement tout en procurant une sensation de confort gr\u00e2ce \u00e0 ses composants apaisants et protecteurs.<\/p>\n<p>&nbsp;<\/p>\n<p>&nbsp;<\/p>\n","protected":false},"excerpt":{"rendered":"<p><span style=\"color: #557e96;\"><strong>Calludone<\/strong> <\/span>assouplit et ramollit les callosit\u00e9s en peu de temps, rendant leur \u00e9limination plus simple et plus s\u00fbre. Le produit agit rapidement tout en procurant une sensation de confort gr\u00e2ce \u00e0 ses composants apaisants et protecteurs.<\/p>\n","protected":false},"featured_media":12645,"comment_status":"closed","ping_status":"closed","template":"","meta":{"_acf_changed":false},"product_brand":[],"product_cat":[4936,5001,4755,1436,5002,1427,4907],"product_tag":[2715],"class_list":{"0":"post-16659","1":"product","2":"type-product","3":"status-publish","4":"has-post-thumbnail","6":"product_cat-lcn-fr","7":"product_cat-outils-pedicure","8":"product_cat-pedicure","9":"product_cat-produits-speciaux","10":"product_cat-ramollisseurs-callosites","11":"product_cat-lcn-soin-de-pieds","12":"product_cat-soins","13":"product_tag-lcn-fr","14":"pa_inhoud-50-ml-fr","15":"pa_inhoud-500-ml-fr","17":"first","18":"instock","19":"taxable","20":"shipping-taxable","21":"product-type-variable"},"acf":[],"_links":{"self":[{"href":"https:\/\/sundar.be\/fr\/wp-json\/wp\/v2\/product\/16659","targetHints":{"allow":["GET"]}}],"collection":[{"href":"https:\/\/sundar.be\/fr\/wp-json\/wp\/v2\/product"}],"about":[{"href":"https:\/\/sundar.be\/fr\/wp-json\/wp\/v2\/types\/product"}],"replies":[{"embeddable":true,"href":"https:\/\/sundar.be\/fr\/wp-json\/wp\/v2\/comments?post=16659"}],"wp:featuredmedia":[{"embeddable":true,"href":"https:\/\/sundar.be\/fr\/wp-json\/wp\/v2\/media\/12645"}],"wp:attachment":[{"href":"https:\/\/sundar.be\/fr\/wp-json\/wp\/v2\/media?parent=16659"}],"wp:term":[{"taxonomy":"product_brand","embeddable":true,"href":"https:\/\/sundar.be\/fr\/wp-json\/wp\/v2\/product_brand?post=16659"},{"taxonomy":"product_cat","embeddable":true,"href":"https:\/\/sundar.be\/fr\/wp-json\/wp\/v2\/product_cat?post=16659"},{"taxonomy":"product_tag","embeddable":true,"href":"https:\/\/sundar.be\/fr\/wp-json\/wp\/v2\/product_tag?post=16659"}],"curies":[{"name":"wp","href":"https:\/\/api.w.org\/{rel}","templated":true}]}}