{"id":16645,"date":"2021-09-29T17:45:21","date_gmt":"2021-09-29T15:45:21","guid":{"rendered":"https:\/\/sundar.be\/product\/moisturizing-foot-cream-blue\/"},"modified":"2025-11-25T15:25:21","modified_gmt":"2025-11-25T14:25:21","slug":"moisturizing-foot-cream-blue","status":"publish","type":"product","link":"https:\/\/sundar.be\/fr\/produit\/moisturizing-foot-cream-blue\/","title":{"rendered":"LCN Vegan Moisturizing Foot Cream"},"content":{"rendered":"<p><strong>Vegan Moisturizing Foot Cream<\/strong> est une cr\u00e8me pour les pieds douce mais intens\u00e9ment nourrissante qui hydrate la peau imm\u00e9diatement et la maintient souple durablement \u2014 enti\u00e8rement sans ingr\u00e9dients d\u2019origine animale. Sa formule associe des cires v\u00e9g\u00e9tales, des huiles riches et des actifs hydratants pour adoucir les pieds secs, r\u00e9duire la rugosit\u00e9 et renforcer la barri\u00e8re cutan\u00e9e pour un confort longue dur\u00e9e. <\/p>\n<p>&nbsp;<\/p>\n","protected":false},"excerpt":{"rendered":"<p>Vegan Moisturizing Foot Cream hydrate et adoucit les pieds, apaisant les zones s\u00e8ches et tendues pour une peau souple et confortable. La cr\u00e8me offre un soin protecteur avec une finition non grasse, id\u00e9ale pour une utilisation quotidienne. <\/p>\n","protected":false},"featured_media":36979,"comment_status":"closed","ping_status":"closed","template":"","meta":{"_acf_changed":false},"product_brand":[],"product_cat":[4998,1432,4936,4755,1427,4996],"product_tag":[2715],"class_list":{"0":"post-16645","1":"product","2":"type-product","3":"status-publish","4":"has-post-thumbnail","6":"product_cat-cremes-lotions-pieds","7":"product_cat-cremes-pour-les-pieds","8":"product_cat-lcn-fr","9":"product_cat-pedicure","10":"product_cat-lcn-soin-de-pieds","11":"product_cat-soins-quotidiens-des-pieds","12":"product_tag-lcn-fr","13":"pa_inhoud-100-ml-fr","14":"pa_inhoud-1000-ml-fr","15":"pa_inhoud-3-ml-fr","16":"pa_inhoud-300-ml-fr","18":"first","19":"instock","20":"taxable","21":"shipping-taxable","22":"product-type-variable"},"acf":[],"_links":{"self":[{"href":"https:\/\/sundar.be\/fr\/wp-json\/wp\/v2\/product\/16645","targetHints":{"allow":["GET"]}}],"collection":[{"href":"https:\/\/sundar.be\/fr\/wp-json\/wp\/v2\/product"}],"about":[{"href":"https:\/\/sundar.be\/fr\/wp-json\/wp\/v2\/types\/product"}],"replies":[{"embeddable":true,"href":"https:\/\/sundar.be\/fr\/wp-json\/wp\/v2\/comments?post=16645"}],"wp:featuredmedia":[{"embeddable":true,"href":"https:\/\/sundar.be\/fr\/wp-json\/wp\/v2\/media\/36979"}],"wp:attachment":[{"href":"https:\/\/sundar.be\/fr\/wp-json\/wp\/v2\/media?parent=16645"}],"wp:term":[{"taxonomy":"product_brand","embeddable":true,"href":"https:\/\/sundar.be\/fr\/wp-json\/wp\/v2\/product_brand?post=16645"},{"taxonomy":"product_cat","embeddable":true,"href":"https:\/\/sundar.be\/fr\/wp-json\/wp\/v2\/product_cat?post=16645"},{"taxonomy":"product_tag","embeddable":true,"href":"https:\/\/sundar.be\/fr\/wp-json\/wp\/v2\/product_tag?post=16645"}],"curies":[{"name":"wp","href":"https:\/\/api.w.org\/{rel}","templated":true}]}}