{"id":16633,"date":"2021-09-29T17:45:21","date_gmt":"2021-09-29T15:45:21","guid":{"rendered":"https:\/\/sundar.be\/product\/night-mask\/"},"modified":"2025-11-24T13:53:28","modified_gmt":"2025-11-24T12:53:28","slug":"night-mask","status":"publish","type":"product","link":"https:\/\/sundar.be\/fr\/produit\/night-mask\/","title":{"rendered":"Night Care, 1000ml"},"content":{"rendered":"<p><strong>Night Care<\/strong> est un masque de nuit intensif pour les pieds qui nourrit, assouplit et r\u00e9pare la peau tout au long de la nuit. Sa formule riche et protectrice cr\u00e9e un voile de soin qui hydrate en profondeur les pieds secs, rugueux et fatigu\u00e9s, pour une peau douce et souple au r\u00e9veil.<\/p>\n<p>&nbsp;<\/p>\n<p>&nbsp;<\/p>\n","protected":false},"excerpt":{"rendered":"<p>Night Care agit pendant le sommeil et apporte aux pieds une hydratation, une nutrition et une r\u00e9paration durables. Au r\u00e9veil, la peau est visiblement plus douce, plus confortable et mieux prot\u00e9g\u00e9e contre la s\u00e9cheresse et la rugosit\u00e9.<\/p>\n","protected":false},"featured_media":24257,"comment_status":"closed","ping_status":"closed","template":"","meta":{"_acf_changed":false},"product_brand":[],"product_cat":[1432,4755,1427],"product_tag":[2715],"class_list":{"0":"post-16633","1":"product","2":"type-product","3":"status-publish","4":"has-post-thumbnail","6":"product_cat-cremes-pour-les-pieds","7":"product_cat-pedicure","8":"product_cat-lcn-soin-de-pieds","9":"product_tag-lcn-fr","10":"pa_inhoud-100-ml-fr","11":"pa_inhoud-1000-ml-fr","13":"first","14":"instock","15":"taxable","16":"shipping-taxable","17":"product-type-simple"},"acf":[],"_links":{"self":[{"href":"https:\/\/sundar.be\/fr\/wp-json\/wp\/v2\/product\/16633","targetHints":{"allow":["GET"]}}],"collection":[{"href":"https:\/\/sundar.be\/fr\/wp-json\/wp\/v2\/product"}],"about":[{"href":"https:\/\/sundar.be\/fr\/wp-json\/wp\/v2\/types\/product"}],"replies":[{"embeddable":true,"href":"https:\/\/sundar.be\/fr\/wp-json\/wp\/v2\/comments?post=16633"}],"wp:featuredmedia":[{"embeddable":true,"href":"https:\/\/sundar.be\/fr\/wp-json\/wp\/v2\/media\/24257"}],"wp:attachment":[{"href":"https:\/\/sundar.be\/fr\/wp-json\/wp\/v2\/media?parent=16633"}],"wp:term":[{"taxonomy":"product_brand","embeddable":true,"href":"https:\/\/sundar.be\/fr\/wp-json\/wp\/v2\/product_brand?post=16633"},{"taxonomy":"product_cat","embeddable":true,"href":"https:\/\/sundar.be\/fr\/wp-json\/wp\/v2\/product_cat?post=16633"},{"taxonomy":"product_tag","embeddable":true,"href":"https:\/\/sundar.be\/fr\/wp-json\/wp\/v2\/product_tag?post=16633"}],"curies":[{"name":"wp","href":"https:\/\/api.w.org\/{rel}","templated":true}]}}