{"id":16627,"date":"2021-09-29T17:45:21","date_gmt":"2021-09-29T15:45:21","guid":{"rendered":"https:\/\/sundar.be\/product\/chapped-skin-balm\/"},"modified":"2025-11-24T12:34:26","modified_gmt":"2025-11-24T11:34:26","slug":"chapped-skin-balm","status":"publish","type":"product","link":"https:\/\/sundar.be\/fr\/produit\/chapped-skin-balm\/","title":{"rendered":"Chapped Skin Balm"},"content":{"rendered":"<p><span style=\"color: #466b69;\"><strong>Chapped Skin Balm<\/strong><\/span> est un baume r\u00e9parateur et protecteur sp\u00e9cialement con\u00e7u pour prendre soin de la peau s\u00e8che, gerc\u00e9e et irrit\u00e9e. Sa formule riche et nourrissante forme un voile protecteur adoucissant sur la peau et aide \u00e0 r\u00e9tablir l\u2019\u00e9quilibre hydrique, favorisant ainsi la cicatrisation des ger\u00e7ures tout en r\u00e9duisant l\u2019inconfort cutan\u00e9.<\/p>\n<p>&nbsp;<\/p>\n","protected":false},"excerpt":{"rendered":"<p>Chapped Skin Balm nourrit, adoucit et prot\u00e8ge intens\u00e9ment la peau, permettant aux ger\u00e7ures et aux zones extr\u00eamement s\u00e8ches de s\u2019apaiser plus rapidement. Le baume aide \u00e0 restaurer la barri\u00e8re cutan\u00e9e et procure un soulagement durable et confortable.<\/p>\n","protected":false},"featured_media":26746,"comment_status":"closed","ping_status":"closed","template":"","meta":{"_acf_changed":false},"product_brand":[],"product_cat":[1432,4755,1436,1427],"product_tag":[2715],"class_list":{"0":"post-16627","1":"product","2":"type-product","3":"status-publish","4":"has-post-thumbnail","6":"product_cat-cremes-pour-les-pieds","7":"product_cat-pedicure","8":"product_cat-produits-speciaux","9":"product_cat-lcn-soin-de-pieds","10":"product_tag-lcn-fr","11":"pa_inhoud-100-ml-fr","12":"pa_inhoud-1000-ml-fr","13":"pa_inhoud-50-ml-fr","15":"first","16":"instock","17":"taxable","18":"shipping-taxable","19":"product-type-variable"},"acf":[],"_links":{"self":[{"href":"https:\/\/sundar.be\/fr\/wp-json\/wp\/v2\/product\/16627","targetHints":{"allow":["GET"]}}],"collection":[{"href":"https:\/\/sundar.be\/fr\/wp-json\/wp\/v2\/product"}],"about":[{"href":"https:\/\/sundar.be\/fr\/wp-json\/wp\/v2\/types\/product"}],"replies":[{"embeddable":true,"href":"https:\/\/sundar.be\/fr\/wp-json\/wp\/v2\/comments?post=16627"}],"wp:featuredmedia":[{"embeddable":true,"href":"https:\/\/sundar.be\/fr\/wp-json\/wp\/v2\/media\/26746"}],"wp:attachment":[{"href":"https:\/\/sundar.be\/fr\/wp-json\/wp\/v2\/media?parent=16627"}],"wp:term":[{"taxonomy":"product_brand","embeddable":true,"href":"https:\/\/sundar.be\/fr\/wp-json\/wp\/v2\/product_brand?post=16627"},{"taxonomy":"product_cat","embeddable":true,"href":"https:\/\/sundar.be\/fr\/wp-json\/wp\/v2\/product_cat?post=16627"},{"taxonomy":"product_tag","embeddable":true,"href":"https:\/\/sundar.be\/fr\/wp-json\/wp\/v2\/product_tag?post=16627"}],"curies":[{"name":"wp","href":"https:\/\/api.w.org\/{rel}","templated":true}]}}