{"id":16622,"date":"2021-09-29T17:43:21","date_gmt":"2021-09-29T15:43:21","guid":{"rendered":"https:\/\/sundar.be\/product\/exfoliating-cream\/"},"modified":"2025-11-25T15:24:37","modified_gmt":"2025-11-25T14:24:37","slug":"exfoliating-cream","status":"publish","type":"product","link":"https:\/\/sundar.be\/fr\/produit\/exfoliating-cream\/","title":{"rendered":"LCN Exfoliating Cream, 100ml"},"content":{"rendered":"<p><strong>Exfoliating Cream<\/strong> est un gommage intensif pour les pieds qui \u00e9limine les cellules mortes et lisse efficacement les zones rugueuses, comme les talons et l\u2019avant-pied. Sa formule associe des acides exfoliants \u00e0 des extraits v\u00e9g\u00e9taux hydratants afin de renouveler, d\u2019assouplir et de revitaliser la peau pour des pieds visiblement plus doux et plus lisses. <\/p>\n<h2><\/h2>\n<p>&nbsp;<\/p>\n","protected":false},"excerpt":{"rendered":"<p>Exfoliating Cream \u00e9limine les cellules mortes et r\u00e9duit la rugosit\u00e9 pour une peau imm\u00e9diatement plus douce et plus uniforme. Le produit rafra\u00eechit et revitalise la peau tout en favorisant une apparence nette et bien soign\u00e9e. <\/p>\n","protected":false},"featured_media":12608,"comment_status":"closed","ping_status":"closed","template":"","meta":{"_acf_changed":false},"product_brand":[],"product_cat":[1431,4755,2498,1427],"product_tag":[2715],"class_list":{"0":"post-16622","1":"product","2":"type-product","3":"status-publish","4":"has-post-thumbnail","6":"product_cat-lavage-exfoliation-soin-pour-les-pieds","7":"product_cat-pedicure","8":"product_cat-sale-fr","9":"product_cat-lcn-soin-de-pieds","10":"product_tag-lcn-fr","11":"pa_inhoud-100-ml-fr","12":"pa_inhoud-1000-ml-fr","14":"first","15":"instock","16":"sale","17":"taxable","18":"shipping-taxable","19":"product-type-simple"},"acf":[],"_links":{"self":[{"href":"https:\/\/sundar.be\/fr\/wp-json\/wp\/v2\/product\/16622","targetHints":{"allow":["GET"]}}],"collection":[{"href":"https:\/\/sundar.be\/fr\/wp-json\/wp\/v2\/product"}],"about":[{"href":"https:\/\/sundar.be\/fr\/wp-json\/wp\/v2\/types\/product"}],"replies":[{"embeddable":true,"href":"https:\/\/sundar.be\/fr\/wp-json\/wp\/v2\/comments?post=16622"}],"wp:featuredmedia":[{"embeddable":true,"href":"https:\/\/sundar.be\/fr\/wp-json\/wp\/v2\/media\/12608"}],"wp:attachment":[{"href":"https:\/\/sundar.be\/fr\/wp-json\/wp\/v2\/media?parent=16622"}],"wp:term":[{"taxonomy":"product_brand","embeddable":true,"href":"https:\/\/sundar.be\/fr\/wp-json\/wp\/v2\/product_brand?post=16622"},{"taxonomy":"product_cat","embeddable":true,"href":"https:\/\/sundar.be\/fr\/wp-json\/wp\/v2\/product_cat?post=16622"},{"taxonomy":"product_tag","embeddable":true,"href":"https:\/\/sundar.be\/fr\/wp-json\/wp\/v2\/product_tag?post=16622"}],"curies":[{"name":"wp","href":"https:\/\/api.w.org\/{rel}","templated":true}]}}