{"id":16617,"date":"2021-09-29T17:43:21","date_gmt":"2021-09-29T15:43:21","guid":{"rendered":"https:\/\/sundar.be\/product\/foot-bath\/"},"modified":"2025-11-25T15:25:17","modified_gmt":"2025-11-25T14:25:17","slug":"foot-bath","status":"publish","type":"product","link":"https:\/\/sundar.be\/fr\/produit\/foot-bath\/","title":{"rendered":"LCN Foot Bath 300ml"},"content":{"rendered":"<p><strong>Foot Bath<\/strong> est une solution de bain rafra\u00eechissante et nettoyante pour les pieds qui \u00e9limine efficacement la transpiration, les impuret\u00e9s et les mauvaises odeurs tout en laissant la peau douce et confortable. Sa formule onctueuse forme une mousse l\u00e9g\u00e8re et aide \u00e0 d\u00e9tendre les pieds fatigu\u00e9s et tendus pour un moment de soin agr\u00e9able. <\/p>\n<p>&nbsp;<\/p>\n","protected":false},"excerpt":{"rendered":"<p>Foot Bath nettoie les pieds en profondeur et procure une sensation imm\u00e9diate de fra\u00eecheur et de relaxation. Apr\u00e8s utilisation, la peau est plus douce, plus propre et plus confortable. <\/p>\n","protected":false},"featured_media":26742,"comment_status":"closed","ping_status":"closed","template":"","meta":{"_acf_changed":false},"product_brand":[],"product_cat":[1431,4755,1427],"product_tag":[2715],"class_list":{"0":"post-16617","1":"product","2":"type-product","3":"status-publish","4":"has-post-thumbnail","6":"product_cat-lavage-exfoliation-soin-pour-les-pieds","7":"product_cat-pedicure","8":"product_cat-lcn-soin-de-pieds","9":"product_tag-lcn-fr","10":"pa_inhoud-1000-ml-fr","11":"pa_inhoud-300-ml-fr","13":"first","14":"instock","15":"taxable","16":"shipping-taxable","17":"product-type-simple"},"acf":[],"_links":{"self":[{"href":"https:\/\/sundar.be\/fr\/wp-json\/wp\/v2\/product\/16617","targetHints":{"allow":["GET"]}}],"collection":[{"href":"https:\/\/sundar.be\/fr\/wp-json\/wp\/v2\/product"}],"about":[{"href":"https:\/\/sundar.be\/fr\/wp-json\/wp\/v2\/types\/product"}],"replies":[{"embeddable":true,"href":"https:\/\/sundar.be\/fr\/wp-json\/wp\/v2\/comments?post=16617"}],"wp:featuredmedia":[{"embeddable":true,"href":"https:\/\/sundar.be\/fr\/wp-json\/wp\/v2\/media\/26742"}],"wp:attachment":[{"href":"https:\/\/sundar.be\/fr\/wp-json\/wp\/v2\/media?parent=16617"}],"wp:term":[{"taxonomy":"product_brand","embeddable":true,"href":"https:\/\/sundar.be\/fr\/wp-json\/wp\/v2\/product_brand?post=16617"},{"taxonomy":"product_cat","embeddable":true,"href":"https:\/\/sundar.be\/fr\/wp-json\/wp\/v2\/product_cat?post=16617"},{"taxonomy":"product_tag","embeddable":true,"href":"https:\/\/sundar.be\/fr\/wp-json\/wp\/v2\/product_tag?post=16617"}],"curies":[{"name":"wp","href":"https:\/\/api.w.org\/{rel}","templated":true}]}}