{"id":16548,"date":"2021-09-29T17:41:38","date_gmt":"2021-09-29T15:41:38","guid":{"rendered":"https:\/\/sundar.be\/product\/connex-silver-plus\/"},"modified":"2025-11-25T15:24:29","modified_gmt":"2025-11-25T14:24:29","slug":"connex-silver-plus","status":"publish","type":"product","link":"https:\/\/sundar.be\/fr\/produit\/connex-silver-plus\/","title":{"rendered":"LCN Connex Silver Plus 10ml"},"content":{"rendered":"<p>Connex Silver Plus est un renfor\u00e7ateur d&rsquo;adh\u00e9rence (primer) pour les ongles pr\u00e9sentant une infection fongique l\u00e9g\u00e8re. Ce produit doit \u00eatre combin\u00e9 avec <a href=\"https:\/\/sundar.be\/fr\/produit\/wilde-pedique-silver-plus-uv-sculpting-gel\/?lang=fr\"><strong>Wilde Pedique Silver Plus<\/strong><\/a>. <\/p>\n","protected":false},"excerpt":{"rendered":"<p>Primaire antifongique pour l&rsquo;application de Wilde Pedique.<\/p>\n","protected":false},"featured_media":12535,"comment_status":"closed","ping_status":"closed","template":"","meta":{"_acf_changed":false},"product_brand":[],"product_cat":[6197,4951,4936,5060,4949,4755,5059,1427],"product_tag":[2715],"class_list":{"0":"post-16548","1":"product","2":"type-product","3":"status-publish","4":"has-post-thumbnail","6":"product_cat-lcn-ongles-artificielles-gels-uv-pieds","7":"product_cat-lcn-ongles-artificiels-gels-uv-premium","8":"product_cat-lcn-fr","9":"product_cat-reparation-wilde-pedique","10":"product_cat-lcn-ongles-artificiels","11":"product_cat-pedicure","12":"product_cat-reparation-ongles","13":"product_cat-lcn-soin-de-pieds","14":"product_tag-lcn-fr","15":"pa_inhoud-10-ml-fr","16":"pa_inhoud-5-ml-fr","18":"first","19":"instock","20":"taxable","21":"shipping-taxable","22":"product-type-simple"},"acf":[],"_links":{"self":[{"href":"https:\/\/sundar.be\/fr\/wp-json\/wp\/v2\/product\/16548","targetHints":{"allow":["GET"]}}],"collection":[{"href":"https:\/\/sundar.be\/fr\/wp-json\/wp\/v2\/product"}],"about":[{"href":"https:\/\/sundar.be\/fr\/wp-json\/wp\/v2\/types\/product"}],"replies":[{"embeddable":true,"href":"https:\/\/sundar.be\/fr\/wp-json\/wp\/v2\/comments?post=16548"}],"wp:featuredmedia":[{"embeddable":true,"href":"https:\/\/sundar.be\/fr\/wp-json\/wp\/v2\/media\/12535"}],"wp:attachment":[{"href":"https:\/\/sundar.be\/fr\/wp-json\/wp\/v2\/media?parent=16548"}],"wp:term":[{"taxonomy":"product_brand","embeddable":true,"href":"https:\/\/sundar.be\/fr\/wp-json\/wp\/v2\/product_brand?post=16548"},{"taxonomy":"product_cat","embeddable":true,"href":"https:\/\/sundar.be\/fr\/wp-json\/wp\/v2\/product_cat?post=16548"},{"taxonomy":"product_tag","embeddable":true,"href":"https:\/\/sundar.be\/fr\/wp-json\/wp\/v2\/product_tag?post=16548"}],"curies":[{"name":"wp","href":"https:\/\/api.w.org\/{rel}","templated":true}]}}