{"id":16526,"date":"2021-09-29T17:41:38","date_gmt":"2021-09-29T15:41:38","guid":{"rendered":"https:\/\/sundar.be\/product\/wilde-pedique-silver-plus-uv-sculpting-gel\/"},"modified":"2025-11-25T15:24:33","modified_gmt":"2025-11-25T14:24:33","slug":"wilde-pedique-silver-plus-uv-sculpting-gel","status":"publish","type":"product","link":"https:\/\/sundar.be\/fr\/produit\/wilde-pedique-silver-plus-uv-sculpting-gel\/","title":{"rendered":"LCN WILDE PEDIQUE Silver Plus UV Sculpting Gel, 10ml"},"content":{"rendered":"<p>Wilde Pedique est un gel UV extra-\u00e9lastique avec facteur AM et argent microcristallin qui s&rsquo;adapte de mani\u00e8re optimale aux mouvements du pied. WILDE-PEDIQUE silver plus r\u00e9duit manifestement la germination. D\u00e9j\u00e0 apr\u00e8s 2 jours, m\u00eame en \u00e9tat de gu\u00e9rison, une diminution du nombre de germes s&rsquo;ensuit. L&rsquo;ingr\u00e9dient actif antimycosique peut \u00e9galement pr\u00e9venir les infections des ongles.<\/p>\n<p class=\"_04xlpA direction-ltr align-start para-style-body\">\n","protected":false},"excerpt":{"rendered":"<p>Gel de renforcement UV pour les ongles des pieds avec effet anti-mycosique.<\/p>\n","protected":false},"featured_media":12513,"comment_status":"closed","ping_status":"closed","template":"","meta":{"_acf_changed":false},"product_brand":[],"product_cat":[6197,4951,4936,5060,4949,4755,5059,1427],"product_tag":[2715],"class_list":{"0":"post-16526","1":"product","2":"type-product","3":"status-publish","4":"has-post-thumbnail","6":"product_cat-lcn-ongles-artificielles-gels-uv-pieds","7":"product_cat-lcn-ongles-artificiels-gels-uv-premium","8":"product_cat-lcn-fr","9":"product_cat-reparation-wilde-pedique","10":"product_cat-lcn-ongles-artificiels","11":"product_cat-pedicure","12":"product_cat-reparation-ongles","13":"product_cat-lcn-soin-de-pieds","14":"product_tag-lcn-fr","15":"pa_kleur-clear-1","16":"pa_kleur-cool-pink-6","17":"pa_kleur-naturel-beige-5","18":"pa_kleur-opak-3","19":"pa_kleur-pastel-4","20":"pa_kleur-pink-2","22":"first","23":"instock","24":"taxable","25":"shipping-taxable","26":"product-type-variable"},"acf":[],"_links":{"self":[{"href":"https:\/\/sundar.be\/fr\/wp-json\/wp\/v2\/product\/16526","targetHints":{"allow":["GET"]}}],"collection":[{"href":"https:\/\/sundar.be\/fr\/wp-json\/wp\/v2\/product"}],"about":[{"href":"https:\/\/sundar.be\/fr\/wp-json\/wp\/v2\/types\/product"}],"replies":[{"embeddable":true,"href":"https:\/\/sundar.be\/fr\/wp-json\/wp\/v2\/comments?post=16526"}],"wp:featuredmedia":[{"embeddable":true,"href":"https:\/\/sundar.be\/fr\/wp-json\/wp\/v2\/media\/12513"}],"wp:attachment":[{"href":"https:\/\/sundar.be\/fr\/wp-json\/wp\/v2\/media?parent=16526"}],"wp:term":[{"taxonomy":"product_brand","embeddable":true,"href":"https:\/\/sundar.be\/fr\/wp-json\/wp\/v2\/product_brand?post=16526"},{"taxonomy":"product_cat","embeddable":true,"href":"https:\/\/sundar.be\/fr\/wp-json\/wp\/v2\/product_cat?post=16526"},{"taxonomy":"product_tag","embeddable":true,"href":"https:\/\/sundar.be\/fr\/wp-json\/wp\/v2\/product_tag?post=16526"}],"curies":[{"name":"wp","href":"https:\/\/api.w.org\/{rel}","templated":true}]}}