{"id":16519,"date":"2021-09-29T17:39:41","date_gmt":"2021-10-01T08:25:04","guid":{"rendered":"https:\/\/sundar.be\/product\/paraffin-terry-cloth-warming-gloves\/"},"modified":"2025-03-13T20:03:39","modified_gmt":"2025-03-13T19:03:39","slug":"paraffin-terry-cloth-warming-gloves","status":"publish","type":"product","link":"https:\/\/sundar.be\/fr\/produit\/paraffin-terry-cloth-warming-gloves\/","title":{"rendered":"Paraffin Medixwell Wanten Badstof"},"content":{"rendered":"<p>Moufles Medixwell avec int\u00e9rieur rembourr\u00e9 en tissu \u00e9ponge. Moufles en \u00e9ponge avec int\u00e9rieur rembourr\u00e9. Id\u00e9ales pour les traitements \u00e0 la paraffine.  <\/p>\n","protected":false},"excerpt":{"rendered":"<p>Moufles Medixwell avec int\u00e9rieur rembourr\u00e9 en tissu \u00e9ponge. Moufles en \u00e9ponge avec int\u00e9rieur rembourr\u00e9. Id\u00e9ales pour les traitements \u00e0 la paraffine.<\/p>\n","protected":false},"featured_media":43745,"comment_status":"closed","ping_status":"closed","template":"","meta":{"_acf_changed":false},"product_brand":[],"product_cat":[4936,4755,4761,1427,1568,2772,4907,1443],"product_tag":[2715],"class_list":{"0":"post-16519","1":"product","2":"type-product","3":"status-publish","4":"has-post-thumbnail","6":"product_cat-lcn-fr","7":"product_cat-pedicure","8":"product_cat-pose-ongles","9":"product_cat-lcn-soin-de-pieds","10":"product_cat-lcn-soin-de-spa","11":"product_cat-manucure-soin-mains","12":"product_cat-soins","13":"product_cat-traitement-paraffine","14":"product_tag-lcn-fr","15":"pa_kleur-wit","16":"pa_kleur-zand","18":"first","19":"instock","20":"taxable","21":"shipping-taxable","22":"product-type-variable"},"acf":[],"_links":{"self":[{"href":"https:\/\/sundar.be\/fr\/wp-json\/wp\/v2\/product\/16519","targetHints":{"allow":["GET"]}}],"collection":[{"href":"https:\/\/sundar.be\/fr\/wp-json\/wp\/v2\/product"}],"about":[{"href":"https:\/\/sundar.be\/fr\/wp-json\/wp\/v2\/types\/product"}],"replies":[{"embeddable":true,"href":"https:\/\/sundar.be\/fr\/wp-json\/wp\/v2\/comments?post=16519"}],"wp:featuredmedia":[{"embeddable":true,"href":"https:\/\/sundar.be\/fr\/wp-json\/wp\/v2\/media\/43745"}],"wp:attachment":[{"href":"https:\/\/sundar.be\/fr\/wp-json\/wp\/v2\/media?parent=16519"}],"wp:term":[{"taxonomy":"product_brand","embeddable":true,"href":"https:\/\/sundar.be\/fr\/wp-json\/wp\/v2\/product_brand?post=16519"},{"taxonomy":"product_cat","embeddable":true,"href":"https:\/\/sundar.be\/fr\/wp-json\/wp\/v2\/product_cat?post=16519"},{"taxonomy":"product_tag","embeddable":true,"href":"https:\/\/sundar.be\/fr\/wp-json\/wp\/v2\/product_tag?post=16519"}],"curies":[{"name":"wp","href":"https:\/\/api.w.org\/{rel}","templated":true}]}}