{"id":16478,"date":"2021-09-29T17:39:41","date_gmt":"2021-09-29T15:39:41","guid":{"rendered":"https:\/\/sundar.be\/product\/honeydew-melon-hand-cream\/"},"modified":"2025-11-25T17:23:22","modified_gmt":"2025-11-25T16:23:22","slug":"honeydew-melon-hand-cream-fr","status":"publish","type":"product","link":"https:\/\/sundar.be\/fr\/produit\/honeydew-melon-hand-cream-fr\/","title":{"rendered":"LCN Honeydew Melon Hand Cream"},"content":{"rendered":"<p><strong>Honeydew Melon Hand Cream<\/strong> est une cr\u00e8me pour les mains soyeuse et hydratante au parfum frais de melon, qui nourrit et prot\u00e8ge intens\u00e9ment la peau. Elle combine des agents \u00e9mollients et hydratants pour r\u00e9duire la s\u00e9cheresse et renforcer la barri\u00e8re cutan\u00e9e, laissant les mains lisses, souples et agr\u00e9ablement confortables. <\/p>\n<p>&nbsp;<\/p>\n","protected":false},"excerpt":{"rendered":"<p>Honeydew Melon Hand Cream hydrate et nourrit intens\u00e9ment les mains tout en formant une l\u00e9g\u00e8re couche protectrice contre le dess\u00e8chement. Son parfum doux et fruit\u00e9 de melon procure une exp\u00e9rience sensorielle agr\u00e9able et laisse la peau douce et parfaitement soign\u00e9e. <\/p>\n","protected":false},"featured_media":34581,"comment_status":"closed","ping_status":"closed","template":"","meta":{"_acf_changed":false},"product_brand":[],"product_cat":[4969,1442,4936,4761,1440,2772,4907],"product_tag":[2715],"class_list":{"0":"post-16478","1":"product","2":"type-product","3":"status-publish","4":"has-post-thumbnail","6":"product_cat-cremes-lotions-mains","7":"product_cat-cremes-pour-les-mains","8":"product_cat-lcn-fr","9":"product_cat-pose-ongles","10":"product_cat-lcn-soin-de-mains","11":"product_cat-manucure-soin-mains","12":"product_cat-soins","13":"product_tag-lcn-fr","14":"pa_inhoud-3-ml-fr","15":"pa_inhoud-300-ml-fr","16":"pa_inhoud-75-ml-fr","18":"first","19":"instock","20":"taxable","21":"shipping-taxable","22":"product-type-variable"},"acf":[],"_links":{"self":[{"href":"https:\/\/sundar.be\/fr\/wp-json\/wp\/v2\/product\/16478","targetHints":{"allow":["GET"]}}],"collection":[{"href":"https:\/\/sundar.be\/fr\/wp-json\/wp\/v2\/product"}],"about":[{"href":"https:\/\/sundar.be\/fr\/wp-json\/wp\/v2\/types\/product"}],"replies":[{"embeddable":true,"href":"https:\/\/sundar.be\/fr\/wp-json\/wp\/v2\/comments?post=16478"}],"wp:featuredmedia":[{"embeddable":true,"href":"https:\/\/sundar.be\/fr\/wp-json\/wp\/v2\/media\/34581"}],"wp:attachment":[{"href":"https:\/\/sundar.be\/fr\/wp-json\/wp\/v2\/media?parent=16478"}],"wp:term":[{"taxonomy":"product_brand","embeddable":true,"href":"https:\/\/sundar.be\/fr\/wp-json\/wp\/v2\/product_brand?post=16478"},{"taxonomy":"product_cat","embeddable":true,"href":"https:\/\/sundar.be\/fr\/wp-json\/wp\/v2\/product_cat?post=16478"},{"taxonomy":"product_tag","embeddable":true,"href":"https:\/\/sundar.be\/fr\/wp-json\/wp\/v2\/product_tag?post=16478"}],"curies":[{"name":"wp","href":"https:\/\/api.w.org\/{rel}","templated":true}]}}