{"id":16465,"date":"2021-09-29T17:37:47","date_gmt":"2021-09-29T15:37:47","guid":{"rendered":"https:\/\/sundar.be\/product\/anti-age\/"},"modified":"2025-11-25T12:40:28","modified_gmt":"2025-11-25T11:40:28","slug":"anti-age-fr","status":"publish","type":"product","link":"https:\/\/sundar.be\/fr\/produit\/anti-age-fr\/","title":{"rendered":"LCN Anti Age Hand Cream"},"content":{"rendered":"<p><strong>Anti Age Hand Cream<\/strong> est une cr\u00e8me pour les mains riche et nourrissante qui aide la peau \u00e0 para\u00eetre plus lisse, plus ferme et visiblement plus jeune. Sa formule associe des huiles nutritives, des agents hydratants et des actifs raffermissants pour prot\u00e9ger la peau contre la s\u00e9cheresse et le vieillissement pr\u00e9matur\u00e9, tout en procurant une sensation de confort soyeux. <\/p>\n<p>&nbsp;<\/p>\n","protected":false},"excerpt":{"rendered":"<p>Anti Age Hand Cream hydrate intens\u00e9ment et am\u00e9liore l\u2019\u00e9lasticit\u00e9 de la peau pour des mains d\u2019apparence plus jeune et plus lisse. La cr\u00e8me soutient la barri\u00e8re cutan\u00e9e naturelle et offre une protection durable contre le dess\u00e8chement et les signes du vieillissement. <\/p>\n","protected":false},"featured_media":34587,"comment_status":"closed","ping_status":"closed","template":"","meta":{"_acf_changed":false},"product_brand":[],"product_cat":[4969,1442,4936,4761,1440,2772,4907],"product_tag":[2715],"class_list":{"0":"post-16465","1":"product","2":"type-product","3":"status-publish","4":"has-post-thumbnail","6":"product_cat-cremes-lotions-mains","7":"product_cat-cremes-pour-les-mains","8":"product_cat-lcn-fr","9":"product_cat-pose-ongles","10":"product_cat-lcn-soin-de-mains","11":"product_cat-manucure-soin-mains","12":"product_cat-soins","13":"product_tag-lcn-fr","14":"pa_inhoud-1000-ml-fr","15":"pa_inhoud-3-ml-fr","16":"pa_inhoud-30-ml-fr","17":"pa_inhoud-300-ml-fr","18":"pa_inhoud-75-ml-fr","20":"first","21":"instock","22":"taxable","23":"shipping-taxable","24":"product-type-variable"},"acf":[],"_links":{"self":[{"href":"https:\/\/sundar.be\/fr\/wp-json\/wp\/v2\/product\/16465","targetHints":{"allow":["GET"]}}],"collection":[{"href":"https:\/\/sundar.be\/fr\/wp-json\/wp\/v2\/product"}],"about":[{"href":"https:\/\/sundar.be\/fr\/wp-json\/wp\/v2\/types\/product"}],"replies":[{"embeddable":true,"href":"https:\/\/sundar.be\/fr\/wp-json\/wp\/v2\/comments?post=16465"}],"wp:featuredmedia":[{"embeddable":true,"href":"https:\/\/sundar.be\/fr\/wp-json\/wp\/v2\/media\/34587"}],"wp:attachment":[{"href":"https:\/\/sundar.be\/fr\/wp-json\/wp\/v2\/media?parent=16465"}],"wp:term":[{"taxonomy":"product_brand","embeddable":true,"href":"https:\/\/sundar.be\/fr\/wp-json\/wp\/v2\/product_brand?post=16465"},{"taxonomy":"product_cat","embeddable":true,"href":"https:\/\/sundar.be\/fr\/wp-json\/wp\/v2\/product_cat?post=16465"},{"taxonomy":"product_tag","embeddable":true,"href":"https:\/\/sundar.be\/fr\/wp-json\/wp\/v2\/product_tag?post=16465"}],"curies":[{"name":"wp","href":"https:\/\/api.w.org\/{rel}","templated":true}]}}