{"id":16449,"date":"2021-09-29T17:37:47","date_gmt":"2021-09-29T15:37:47","guid":{"rendered":"https:\/\/sundar.be\/product\/hand-cream\/"},"modified":"2025-11-25T17:16:15","modified_gmt":"2025-11-25T16:16:15","slug":"hand-cream-fr","status":"publish","type":"product","link":"https:\/\/sundar.be\/fr\/produit\/hand-cream-fr\/","title":{"rendered":"LCN Vegan Hand Cream"},"content":{"rendered":"<p><strong>Vegan Hand Cream <\/strong>est une cr\u00e8me pour les mains onctueuse et nourrissante qui hydrate, adoucit et prot\u00e8ge la peau sans ingr\u00e9dients d\u2019origine animale. Sa formule associe des huiles v\u00e9g\u00e9tales de haute qualit\u00e9, des agents hydratants intensifs et des actifs r\u00e9parateurs pour nourrir les mains s\u00e8ches, maintenir la souplesse et am\u00e9liorer le confort cutan\u00e9. <\/p>\n","protected":false},"excerpt":{"rendered":"<p>Vegan Hand Cream r\u00e9tablit l\u2019\u00e9quilibre hydrique de la peau et rend les mains visiblement plus douces et plus lisses. La cr\u00e8me nourrit et prot\u00e8ge sans laisser de sensation grasse et contribue \u00e0 une barri\u00e8re cutan\u00e9e saine et souple. <\/p>\n","protected":false},"featured_media":34593,"comment_status":"closed","ping_status":"closed","template":"","meta":{"_acf_changed":false},"product_brand":[],"product_cat":[4969,1442,4936,4761,1440,2772,4907],"product_tag":[2715],"class_list":{"0":"post-16449","1":"product","2":"type-product","3":"status-publish","4":"has-post-thumbnail","6":"product_cat-cremes-lotions-mains","7":"product_cat-cremes-pour-les-mains","8":"product_cat-lcn-fr","9":"product_cat-pose-ongles","10":"product_cat-lcn-soin-de-mains","11":"product_cat-manucure-soin-mains","12":"product_cat-soins","13":"product_tag-lcn-fr","14":"pa_inhoud-1000-ml-fr","15":"pa_inhoud-3-ml-fr","16":"pa_inhoud-30-ml-fr","17":"pa_inhoud-300-ml-fr","18":"pa_inhoud-75-ml-fr","20":"first","21":"instock","22":"taxable","23":"shipping-taxable","24":"product-type-variable"},"acf":[],"_links":{"self":[{"href":"https:\/\/sundar.be\/fr\/wp-json\/wp\/v2\/product\/16449","targetHints":{"allow":["GET"]}}],"collection":[{"href":"https:\/\/sundar.be\/fr\/wp-json\/wp\/v2\/product"}],"about":[{"href":"https:\/\/sundar.be\/fr\/wp-json\/wp\/v2\/types\/product"}],"replies":[{"embeddable":true,"href":"https:\/\/sundar.be\/fr\/wp-json\/wp\/v2\/comments?post=16449"}],"wp:featuredmedia":[{"embeddable":true,"href":"https:\/\/sundar.be\/fr\/wp-json\/wp\/v2\/media\/34593"}],"wp:attachment":[{"href":"https:\/\/sundar.be\/fr\/wp-json\/wp\/v2\/media?parent=16449"}],"wp:term":[{"taxonomy":"product_brand","embeddable":true,"href":"https:\/\/sundar.be\/fr\/wp-json\/wp\/v2\/product_brand?post=16449"},{"taxonomy":"product_cat","embeddable":true,"href":"https:\/\/sundar.be\/fr\/wp-json\/wp\/v2\/product_cat?post=16449"},{"taxonomy":"product_tag","embeddable":true,"href":"https:\/\/sundar.be\/fr\/wp-json\/wp\/v2\/product_tag?post=16449"}],"curies":[{"name":"wp","href":"https:\/\/api.w.org\/{rel}","templated":true}]}}