{"id":16440,"date":"2021-09-29T17:37:47","date_gmt":"2021-09-29T15:37:47","guid":{"rendered":"https:\/\/sundar.be\/product\/hand-mask\/"},"modified":"2025-11-25T17:14:07","modified_gmt":"2025-11-25T16:14:07","slug":"hand-mask-fr","status":"publish","type":"product","link":"https:\/\/sundar.be\/fr\/produit\/hand-mask-fr\/","title":{"rendered":"LCN Hand Mask, 75ml"},"content":{"rendered":"<p><strong>Vegan Hand Mask <\/strong>est un masque pour les mains intens\u00e9ment nourrissant qui hydrate et r\u00e9pare la peau en profondeur, sp\u00e9cialement con\u00e7u pour les mains tr\u00e8s s\u00e8ches ou sollicit\u00e9es. Sa formule riche et cr\u00e9meuse enveloppe la peau d\u2019un voile de confort et associe des huiles v\u00e9g\u00e9tales, des actifs hydratants et des antioxydants pour restaurer la barri\u00e8re cutan\u00e9e et offrir un bien-\u00eatre durable. <\/p>\n<p>&nbsp;<\/p>\n","protected":false},"excerpt":{"rendered":"<p>Vegan Hand Mask procure un v\u00e9ritable boost d\u2019hydratation et laisse les mains visiblement plus douces et plus lisses. Le masque revitalise et renforce la barri\u00e8re cutan\u00e9e, redonnant souplesse et confort aux mains. <\/p>\n","protected":false},"featured_media":34601,"comment_status":"closed","ping_status":"closed","template":"","meta":{"_acf_changed":false},"product_brand":[],"product_cat":[4969,1442,4936,4761,1440,2772,4907],"product_tag":[2715],"class_list":{"0":"post-16440","1":"product","2":"type-product","3":"status-publish","4":"has-post-thumbnail","6":"product_cat-cremes-lotions-mains","7":"product_cat-cremes-pour-les-mains","8":"product_cat-lcn-fr","9":"product_cat-pose-ongles","10":"product_cat-lcn-soin-de-mains","11":"product_cat-manucure-soin-mains","12":"product_cat-soins","13":"product_tag-lcn-fr","14":"pa_inhoud-1000-ml-fr","15":"pa_inhoud-30-ml-fr","16":"pa_inhoud-300-ml-fr","17":"pa_inhoud-75-ml-fr","19":"first","20":"instock","21":"taxable","22":"shipping-taxable","23":"product-type-simple"},"acf":[],"_links":{"self":[{"href":"https:\/\/sundar.be\/fr\/wp-json\/wp\/v2\/product\/16440","targetHints":{"allow":["GET"]}}],"collection":[{"href":"https:\/\/sundar.be\/fr\/wp-json\/wp\/v2\/product"}],"about":[{"href":"https:\/\/sundar.be\/fr\/wp-json\/wp\/v2\/types\/product"}],"replies":[{"embeddable":true,"href":"https:\/\/sundar.be\/fr\/wp-json\/wp\/v2\/comments?post=16440"}],"wp:featuredmedia":[{"embeddable":true,"href":"https:\/\/sundar.be\/fr\/wp-json\/wp\/v2\/media\/34601"}],"wp:attachment":[{"href":"https:\/\/sundar.be\/fr\/wp-json\/wp\/v2\/media?parent=16440"}],"wp:term":[{"taxonomy":"product_brand","embeddable":true,"href":"https:\/\/sundar.be\/fr\/wp-json\/wp\/v2\/product_brand?post=16440"},{"taxonomy":"product_cat","embeddable":true,"href":"https:\/\/sundar.be\/fr\/wp-json\/wp\/v2\/product_cat?post=16440"},{"taxonomy":"product_tag","embeddable":true,"href":"https:\/\/sundar.be\/fr\/wp-json\/wp\/v2\/product_tag?post=16440"}],"curies":[{"name":"wp","href":"https:\/\/api.w.org\/{rel}","templated":true}]}}