{"id":16434,"date":"2021-09-29T17:37:47","date_gmt":"2021-09-29T15:37:47","guid":{"rendered":"https:\/\/sundar.be\/product\/aroma-effect-peeling-honeydew-melon\/"},"modified":"2025-11-24T11:57:05","modified_gmt":"2025-11-24T10:57:05","slug":"aroma-effect-peeling-honeydew-melon-fr","status":"publish","type":"product","link":"https:\/\/sundar.be\/fr\/produit\/aroma-effect-peeling-honeydew-melon-fr\/","title":{"rendered":"Aroma Effect Peeling Honeydew Melon"},"content":{"rendered":"<p><strong>Aroma Effect Peeling Honeydew Melon<\/strong> est un gommage luxueux qui exfolie la peau en douceur mais efficacement, tout en la nourrissant gr\u00e2ce \u00e0 de riches huiles naturelles. Le peeling \u00e9limine les cellules mortes, stimule la microcirculation et laisse la peau \u00e9clatante, soyeuse et d\u00e9licatement parfum\u00e9e au melon miel. <\/p>\n","protected":false},"excerpt":{"rendered":"<p>Aroma Effect Peeling Honeydew Melon assure une exfoliation douce mais profonde, r\u00e9v\u00e9lant une peau plus lisse et plus lumineuse. Les huiles nourrissantes prot\u00e8gent et hydratent pendant le gommage pour une peau fra\u00eeche, souple et confortable. <\/p>\n","protected":false},"featured_media":26210,"comment_status":"closed","ping_status":"closed","template":"","meta":{"_acf_changed":false},"product_brand":[],"product_cat":[4936,1431,4755,4761,4968,1441,1440,1427,2772,4907],"product_tag":[2715],"class_list":{"0":"post-16434","1":"product","2":"type-product","3":"status-publish","4":"has-post-thumbnail","6":"product_cat-lcn-fr","7":"product_cat-lavage-exfoliation-soin-pour-les-pieds","8":"product_cat-pedicure","9":"product_cat-pose-ongles","10":"product_cat-preparation-manucure","11":"product_cat-lcn-soins-mains-regeneration","12":"product_cat-lcn-soin-de-mains","13":"product_cat-lcn-soin-de-pieds","14":"product_cat-manucure-soin-mains","15":"product_cat-soins","16":"product_tag-lcn-fr","17":"pa_inhoud-100-ml-fr","18":"pa_inhoud-50-ml-fr","19":"pa_inhoud-500-ml-fr","21":"first","22":"instock","23":"taxable","24":"shipping-taxable","25":"product-type-variable"},"acf":[],"_links":{"self":[{"href":"https:\/\/sundar.be\/fr\/wp-json\/wp\/v2\/product\/16434","targetHints":{"allow":["GET"]}}],"collection":[{"href":"https:\/\/sundar.be\/fr\/wp-json\/wp\/v2\/product"}],"about":[{"href":"https:\/\/sundar.be\/fr\/wp-json\/wp\/v2\/types\/product"}],"replies":[{"embeddable":true,"href":"https:\/\/sundar.be\/fr\/wp-json\/wp\/v2\/comments?post=16434"}],"wp:featuredmedia":[{"embeddable":true,"href":"https:\/\/sundar.be\/fr\/wp-json\/wp\/v2\/media\/26210"}],"wp:attachment":[{"href":"https:\/\/sundar.be\/fr\/wp-json\/wp\/v2\/media?parent=16434"}],"wp:term":[{"taxonomy":"product_brand","embeddable":true,"href":"https:\/\/sundar.be\/fr\/wp-json\/wp\/v2\/product_brand?post=16434"},{"taxonomy":"product_cat","embeddable":true,"href":"https:\/\/sundar.be\/fr\/wp-json\/wp\/v2\/product_cat?post=16434"},{"taxonomy":"product_tag","embeddable":true,"href":"https:\/\/sundar.be\/fr\/wp-json\/wp\/v2\/product_tag?post=16434"}],"curies":[{"name":"wp","href":"https:\/\/api.w.org\/{rel}","templated":true}]}}