{"id":16424,"date":"2021-09-29T17:35:34","date_gmt":"2021-09-29T15:35:34","guid":{"rendered":"https:\/\/sundar.be\/product\/hand-nail-bath\/"},"modified":"2025-11-25T15:25:25","modified_gmt":"2025-11-25T14:25:25","slug":"hand-nail-bath-fr","status":"publish","type":"product","link":"https:\/\/sundar.be\/fr\/produit\/hand-nail-bath-fr\/","title":{"rendered":"LCN Hand &amp; Nail Bath, 300ml"},"content":{"rendered":"<p><strong>Hand &amp; Nail Bath<\/strong> est un bain doux et nourrissant pour les mains et les ongles, qui nettoie sans dess\u00e9cher tout en hydratant et en renfor\u00e7ant la peau et les ongles. Sa formule associe des agents lavants d\u00e9licats \u00e0 des ingr\u00e9dients nourrissants et fortifiants pour adoucir la peau, prendre soin des ongles et maintenir des cuticules souples. <\/p>\n<p>&nbsp;<\/p>\n","protected":false},"excerpt":{"rendered":"<p>Hand &amp; Nail Bath nettoie efficacement mais en douceur les mains et les ongles tout en hydratant et en prot\u00e9geant la peau. Le bain laisse les mains douces et souples, et contribue \u00e0 des ongles et cuticules forts et en bonne sant\u00e9. <\/p>\n","protected":false},"featured_media":25079,"comment_status":"closed","ping_status":"closed","template":"","meta":{"_acf_changed":false},"product_brand":[],"product_cat":[4936,4761,4968,1441,1440,2772,4907],"product_tag":[2715],"class_list":{"0":"post-16424","1":"product","2":"type-product","3":"status-publish","4":"has-post-thumbnail","6":"product_cat-lcn-fr","7":"product_cat-pose-ongles","8":"product_cat-preparation-manucure","9":"product_cat-lcn-soins-mains-regeneration","10":"product_cat-lcn-soin-de-mains","11":"product_cat-manucure-soin-mains","12":"product_cat-soins","13":"product_tag-lcn-fr","14":"pa_inhoud-100-ml-fr","15":"pa_inhoud-300-ml-fr","17":"first","18":"instock","19":"taxable","20":"shipping-taxable","21":"product-type-simple"},"acf":[],"_links":{"self":[{"href":"https:\/\/sundar.be\/fr\/wp-json\/wp\/v2\/product\/16424","targetHints":{"allow":["GET"]}}],"collection":[{"href":"https:\/\/sundar.be\/fr\/wp-json\/wp\/v2\/product"}],"about":[{"href":"https:\/\/sundar.be\/fr\/wp-json\/wp\/v2\/types\/product"}],"replies":[{"embeddable":true,"href":"https:\/\/sundar.be\/fr\/wp-json\/wp\/v2\/comments?post=16424"}],"wp:featuredmedia":[{"embeddable":true,"href":"https:\/\/sundar.be\/fr\/wp-json\/wp\/v2\/media\/25079"}],"wp:attachment":[{"href":"https:\/\/sundar.be\/fr\/wp-json\/wp\/v2\/media?parent=16424"}],"wp:term":[{"taxonomy":"product_brand","embeddable":true,"href":"https:\/\/sundar.be\/fr\/wp-json\/wp\/v2\/product_brand?post=16424"},{"taxonomy":"product_cat","embeddable":true,"href":"https:\/\/sundar.be\/fr\/wp-json\/wp\/v2\/product_cat?post=16424"},{"taxonomy":"product_tag","embeddable":true,"href":"https:\/\/sundar.be\/fr\/wp-json\/wp\/v2\/product_tag?post=16424"}],"curies":[{"name":"wp","href":"https:\/\/api.w.org\/{rel}","templated":true}]}}