{"id":16417,"date":"2021-09-29T17:35:34","date_gmt":"2021-09-29T15:35:34","guid":{"rendered":"https:\/\/sundar.be\/product\/diamond-power\/"},"modified":"2025-12-18T09:05:25","modified_gmt":"2025-12-18T08:05:25","slug":"diamond-power-fr","status":"publish","type":"product","link":"https:\/\/sundar.be\/fr\/produit\/diamond-power-fr\/","title":{"rendered":"LCN Diamond Power"},"content":{"rendered":"<p><span style=\"color: #557e96;\"><strong>Diamond Power<\/strong><\/span> est un durcisseur d\u2019ongles haute brillance qui forme une couche extra dure et protectrice sur l\u2019ongle pour une r\u00e9sistance maximale et un \u00e9clat brillant effet verre. Sa formule associe des agents fortifiants \u00e0 de la poudre de diamant pour un r\u00e9sultat imm\u00e9diatement visible : des ongles plus forts, plus lisses et ultra brillants.<\/p>\n<h2><\/h2>\n<p>&nbsp;<\/p>\n","protected":false},"excerpt":{"rendered":"<p><span style=\"color: #557e96;\"><strong>Diamond Power<\/strong><\/span> renforce les ongles faibles et leur offre une protection extr\u00eamement dure avec une brillance intense. Les ongles deviennent plus r\u00e9sistants, plus lisses et moins cassants tout en affichant un aspect \u00e9l\u00e9gant et soign\u00e9.<\/p>\n","protected":false},"featured_media":12404,"comment_status":"closed","ping_status":"closed","template":"","meta":{"_acf_changed":false},"product_brand":[],"product_cat":[1470,4936,1475,1467,4907,6222],"product_tag":[2715],"class_list":{"0":"post-16417","1":"product","2":"type-product","3":"status-publish","4":"has-post-thumbnail","6":"product_cat-lcn-soin-des-ongles-base-coats","7":"product_cat-lcn-fr","8":"product_cat-produits-multifonctionnels-specialises","9":"product_cat-lcn-soin-des-ongles","10":"product_cat-soins","11":"product_cat-lcn-soins-des-ongles-top-coats","12":"product_tag-lcn-fr","13":"pa_inhoud-16-ml-fr","14":"pa_inhoud-8-ml-fr","16":"first","17":"instock","18":"taxable","19":"shipping-taxable","20":"product-type-variable"},"acf":[],"_links":{"self":[{"href":"https:\/\/sundar.be\/fr\/wp-json\/wp\/v2\/product\/16417","targetHints":{"allow":["GET"]}}],"collection":[{"href":"https:\/\/sundar.be\/fr\/wp-json\/wp\/v2\/product"}],"about":[{"href":"https:\/\/sundar.be\/fr\/wp-json\/wp\/v2\/types\/product"}],"replies":[{"embeddable":true,"href":"https:\/\/sundar.be\/fr\/wp-json\/wp\/v2\/comments?post=16417"}],"wp:featuredmedia":[{"embeddable":true,"href":"https:\/\/sundar.be\/fr\/wp-json\/wp\/v2\/media\/12404"}],"wp:attachment":[{"href":"https:\/\/sundar.be\/fr\/wp-json\/wp\/v2\/media?parent=16417"}],"wp:term":[{"taxonomy":"product_brand","embeddable":true,"href":"https:\/\/sundar.be\/fr\/wp-json\/wp\/v2\/product_brand?post=16417"},{"taxonomy":"product_cat","embeddable":true,"href":"https:\/\/sundar.be\/fr\/wp-json\/wp\/v2\/product_cat?post=16417"},{"taxonomy":"product_tag","embeddable":true,"href":"https:\/\/sundar.be\/fr\/wp-json\/wp\/v2\/product_tag?post=16417"}],"curies":[{"name":"wp","href":"https:\/\/api.w.org\/{rel}","templated":true}]}}