{"id":16410,"date":"2021-09-29T17:35:34","date_gmt":"2021-09-29T15:35:34","guid":{"rendered":"https:\/\/sundar.be\/product\/7in1-wonder-nail-recovery\/"},"modified":"2025-11-25T15:25:56","modified_gmt":"2025-11-25T14:25:56","slug":"7in1-wonder-nail-recovery","status":"publish","type":"product","link":"https:\/\/sundar.be\/fr\/produit\/7in1-wonder-nail-recovery\/","title":{"rendered":"LCN 7in1 Wonder Nail Recovery"},"content":{"rendered":"<p><strong>7in1 Wonder Nail Recovery<\/strong> est un soin pour les ongles multifonction qui r\u00e9unit sept b\u00e9n\u00e9fices en une seule formule : Base Coat, Top Coat, effet Wet Look, s\u00e9chage rapide, durcisseur, lisseur de stries et effet blanchissant. Sa composition performante restaure l\u2019\u00e9tat de l\u2019ongle, renforce la plaque ungu\u00e9ale et offre une finition brillante et professionnelle \u2014 avec ou sans vernis color\u00e9.<\/p>\n<p>&nbsp;<\/p>\n","protected":false},"excerpt":{"rendered":"<p>7in1 Wonder Nail Recovery remplace plusieurs produits en renfor\u00e7ant, lissant, prot\u00e9geant et sublimant les ongles en un seul geste. Les ongles paraissent imm\u00e9diatement plus uniformes, plus brillants et plus sains tout en prolongeant la tenue de la manucure.<\/p>\n","protected":false},"featured_media":12397,"comment_status":"closed","ping_status":"closed","template":"","meta":{"_acf_changed":false},"product_brand":[],"product_cat":[1470,4936,1475,1467,4907,6222],"product_tag":[2715],"class_list":{"0":"post-16410","1":"product","2":"type-product","3":"status-publish","4":"has-post-thumbnail","6":"product_cat-lcn-soin-des-ongles-base-coats","7":"product_cat-lcn-fr","8":"product_cat-produits-multifonctionnels-specialises","9":"product_cat-lcn-soin-des-ongles","10":"product_cat-soins","11":"product_cat-lcn-soins-des-ongles-top-coats","12":"product_tag-lcn-fr","13":"pa_inhoud-16-ml-fr","14":"pa_inhoud-8-ml-fr","16":"first","17":"instock","18":"taxable","19":"shipping-taxable","20":"product-type-variable"},"acf":[],"_links":{"self":[{"href":"https:\/\/sundar.be\/fr\/wp-json\/wp\/v2\/product\/16410","targetHints":{"allow":["GET"]}}],"collection":[{"href":"https:\/\/sundar.be\/fr\/wp-json\/wp\/v2\/product"}],"about":[{"href":"https:\/\/sundar.be\/fr\/wp-json\/wp\/v2\/types\/product"}],"replies":[{"embeddable":true,"href":"https:\/\/sundar.be\/fr\/wp-json\/wp\/v2\/comments?post=16410"}],"wp:featuredmedia":[{"embeddable":true,"href":"https:\/\/sundar.be\/fr\/wp-json\/wp\/v2\/media\/12397"}],"wp:attachment":[{"href":"https:\/\/sundar.be\/fr\/wp-json\/wp\/v2\/media?parent=16410"}],"wp:term":[{"taxonomy":"product_brand","embeddable":true,"href":"https:\/\/sundar.be\/fr\/wp-json\/wp\/v2\/product_brand?post=16410"},{"taxonomy":"product_cat","embeddable":true,"href":"https:\/\/sundar.be\/fr\/wp-json\/wp\/v2\/product_cat?post=16410"},{"taxonomy":"product_tag","embeddable":true,"href":"https:\/\/sundar.be\/fr\/wp-json\/wp\/v2\/product_tag?post=16410"}],"curies":[{"name":"wp","href":"https:\/\/api.w.org\/{rel}","templated":true}]}}