{"id":16400,"date":"2021-09-30T14:52:57","date_gmt":"2021-09-30T12:52:57","guid":{"rendered":"https:\/\/sundar.be\/product\/easy-white\/"},"modified":"2025-11-25T15:21:56","modified_gmt":"2025-11-25T14:21:56","slug":"easy-white","status":"publish","type":"product","link":"https:\/\/sundar.be\/fr\/produit\/easy-white\/","title":{"rendered":"LCN Easy White"},"content":{"rendered":"<p><strong>Easy White<\/strong> est un vernis \u00e0 ongles \u00e0 effet \u00e9claircissant optique qui neutralise instantan\u00e9ment les jaunissements et le teint terne de l\u2019ongle. Gr\u00e2ce \u00e0 des pigments r\u00e9flecteurs de lumi\u00e8re, il illumine imm\u00e9diatement l\u2019ongle pour un aspect frais, net et soign\u00e9 \u2014 m\u00eame sans vernis color\u00e9 suppl\u00e9mentaire. <\/p>\n","protected":false},"excerpt":{"rendered":"<p>Easy White camoufle les d\u00e9colorations et rend les ongles visiblement plus blancs et \u00e9clatants d\u00e8s la premi\u00e8re application. C\u2019est l\u2019astuce beaut\u00e9 id\u00e9ale pour obtenir en un instant des ongles propres, brillants et bien entretenus. <\/p>\n","protected":false},"featured_media":13236,"comment_status":"closed","ping_status":"closed","template":"","meta":{"_acf_changed":false},"product_brand":[],"product_cat":[4936,1475,1467,4907],"product_tag":[2715],"class_list":{"0":"post-16400","1":"product","2":"type-product","3":"status-publish","4":"has-post-thumbnail","6":"product_cat-lcn-fr","7":"product_cat-produits-multifonctionnels-specialises","8":"product_cat-lcn-soin-des-ongles","9":"product_cat-soins","10":"product_tag-lcn-fr","11":"pa_inhoud-16-ml-fr","12":"pa_inhoud-8-ml-fr","14":"first","15":"instock","16":"taxable","17":"shipping-taxable","18":"product-type-variable"},"acf":[],"_links":{"self":[{"href":"https:\/\/sundar.be\/fr\/wp-json\/wp\/v2\/product\/16400","targetHints":{"allow":["GET"]}}],"collection":[{"href":"https:\/\/sundar.be\/fr\/wp-json\/wp\/v2\/product"}],"about":[{"href":"https:\/\/sundar.be\/fr\/wp-json\/wp\/v2\/types\/product"}],"replies":[{"embeddable":true,"href":"https:\/\/sundar.be\/fr\/wp-json\/wp\/v2\/comments?post=16400"}],"wp:featuredmedia":[{"embeddable":true,"href":"https:\/\/sundar.be\/fr\/wp-json\/wp\/v2\/media\/13236"}],"wp:attachment":[{"href":"https:\/\/sundar.be\/fr\/wp-json\/wp\/v2\/media?parent=16400"}],"wp:term":[{"taxonomy":"product_brand","embeddable":true,"href":"https:\/\/sundar.be\/fr\/wp-json\/wp\/v2\/product_brand?post=16400"},{"taxonomy":"product_cat","embeddable":true,"href":"https:\/\/sundar.be\/fr\/wp-json\/wp\/v2\/product_cat?post=16400"},{"taxonomy":"product_tag","embeddable":true,"href":"https:\/\/sundar.be\/fr\/wp-json\/wp\/v2\/product_tag?post=16400"}],"curies":[{"name":"wp","href":"https:\/\/api.w.org\/{rel}","templated":true}]}}