{"id":16393,"date":"2021-09-29T17:35:34","date_gmt":"2021-09-29T15:35:34","guid":{"rendered":"https:\/\/sundar.be\/product\/speed-dry\/"},"modified":"2025-11-25T15:27:37","modified_gmt":"2025-11-25T14:27:37","slug":"speed-dry","status":"publish","type":"product","link":"https:\/\/sundar.be\/fr\/produit\/speed-dry\/","title":{"rendered":"LCN Speed Dry"},"content":{"rendered":"<p><strong>Speed Dry<\/strong> est un top coat \u00e0 s\u00e9chage rapide qui scelle et prot\u00e8ge le vernis en un temps record tout en apportant une finition lisse et ultra brillante. Sa formule l\u00e9g\u00e8re cr\u00e9e une couche sup\u00e9rieure durable qui aide \u00e0 pr\u00e9venir les chocs, les rayures et l\u2019\u00e9caillement pour une manucure qui reste impeccable plus longtemps. <\/p>\n","protected":false},"excerpt":{"rendered":"<p>Speed Dry acc\u00e9l\u00e8re le s\u00e9chage du vernis et apporte une couche de protection brillante et solide. La manucure reste intacte plus longtemps avec un r\u00e9sultat professionnel r\u00e9sistant aux rayures. <\/p>\n","protected":false},"featured_media":12376,"comment_status":"closed","ping_status":"closed","template":"","meta":{"_acf_changed":false},"product_brand":[],"product_cat":[4936,1467,4907,6222],"product_tag":[2715],"class_list":{"0":"post-16393","1":"product","2":"type-product","3":"status-publish","4":"has-post-thumbnail","6":"product_cat-lcn-fr","7":"product_cat-lcn-soin-des-ongles","8":"product_cat-soins","9":"product_cat-lcn-soins-des-ongles-top-coats","10":"product_tag-lcn-fr","11":"pa_inhoud-16-ml-fr","12":"pa_inhoud-8-ml-fr","14":"first","15":"instock","16":"taxable","17":"shipping-taxable","18":"product-type-variable"},"acf":[],"_links":{"self":[{"href":"https:\/\/sundar.be\/fr\/wp-json\/wp\/v2\/product\/16393","targetHints":{"allow":["GET"]}}],"collection":[{"href":"https:\/\/sundar.be\/fr\/wp-json\/wp\/v2\/product"}],"about":[{"href":"https:\/\/sundar.be\/fr\/wp-json\/wp\/v2\/types\/product"}],"replies":[{"embeddable":true,"href":"https:\/\/sundar.be\/fr\/wp-json\/wp\/v2\/comments?post=16393"}],"wp:featuredmedia":[{"embeddable":true,"href":"https:\/\/sundar.be\/fr\/wp-json\/wp\/v2\/media\/12376"}],"wp:attachment":[{"href":"https:\/\/sundar.be\/fr\/wp-json\/wp\/v2\/media?parent=16393"}],"wp:term":[{"taxonomy":"product_brand","embeddable":true,"href":"https:\/\/sundar.be\/fr\/wp-json\/wp\/v2\/product_brand?post=16393"},{"taxonomy":"product_cat","embeddable":true,"href":"https:\/\/sundar.be\/fr\/wp-json\/wp\/v2\/product_cat?post=16393"},{"taxonomy":"product_tag","embeddable":true,"href":"https:\/\/sundar.be\/fr\/wp-json\/wp\/v2\/product_tag?post=16393"}],"curies":[{"name":"wp","href":"https:\/\/api.w.org\/{rel}","templated":true}]}}