{"id":16386,"date":"2021-09-29T17:35:34","date_gmt":"2021-09-29T15:35:34","guid":{"rendered":"https:\/\/sundar.be\/product\/dropdry\/"},"modified":"2025-12-18T09:09:13","modified_gmt":"2025-12-18T08:09:13","slug":"dropdry","status":"publish","type":"product","link":"https:\/\/sundar.be\/fr\/produit\/dropdry\/","title":{"rendered":"LCN DropDry"},"content":{"rendered":"<p><span style=\"color: #557e96;\"><strong>LCN DropDry <\/strong><\/span>est une formule de s\u00e9chage rapide en gouttes qui fait durcir le vernis \u00e0 ongles en quelques minutes sans r\u00e9duire la brillance ni la tenue de la manucure. Sa texture huileuse glisse sur l\u2019ongle et acc\u00e9l\u00e8re le s\u00e9chage tout en apportant soin et protection \u00e0 l\u2019ongle et au contour cuticulaire. <\/p>\n","protected":false},"excerpt":{"rendered":"<p><span style=\"color: #557e96;\"><strong>LCN DropDry<\/strong><\/span> fait s\u00e9cher le vernis tr\u00e8s rapidement et pr\u00e9vient les d\u00e9g\u00e2ts durant le s\u00e9chage. En m\u00eame temps, il nourrit l\u2019ongle et les cuticules pour une manucure impeccable qui dure plus longtemps. <\/p>\n","protected":false},"featured_media":12369,"comment_status":"closed","ping_status":"closed","template":"","meta":{"_acf_changed":false},"product_brand":[],"product_cat":[4936,1473,1467,4907],"product_tag":[2715],"class_list":{"0":"post-16386","1":"product","2":"type-product","3":"status-publish","4":"has-post-thumbnail","6":"product_cat-lcn-fr","7":"product_cat-sechage-accelere","8":"product_cat-lcn-soin-des-ongles","9":"product_cat-soins","10":"product_tag-lcn-fr","11":"pa_inhoud-50-ml-fr","12":"pa_inhoud-9-ml-fr","14":"first","15":"instock","16":"taxable","17":"shipping-taxable","18":"product-type-variable"},"acf":[],"_links":{"self":[{"href":"https:\/\/sundar.be\/fr\/wp-json\/wp\/v2\/product\/16386","targetHints":{"allow":["GET"]}}],"collection":[{"href":"https:\/\/sundar.be\/fr\/wp-json\/wp\/v2\/product"}],"about":[{"href":"https:\/\/sundar.be\/fr\/wp-json\/wp\/v2\/types\/product"}],"replies":[{"embeddable":true,"href":"https:\/\/sundar.be\/fr\/wp-json\/wp\/v2\/comments?post=16386"}],"wp:featuredmedia":[{"embeddable":true,"href":"https:\/\/sundar.be\/fr\/wp-json\/wp\/v2\/media\/12369"}],"wp:attachment":[{"href":"https:\/\/sundar.be\/fr\/wp-json\/wp\/v2\/media?parent=16386"}],"wp:term":[{"taxonomy":"product_brand","embeddable":true,"href":"https:\/\/sundar.be\/fr\/wp-json\/wp\/v2\/product_brand?post=16386"},{"taxonomy":"product_cat","embeddable":true,"href":"https:\/\/sundar.be\/fr\/wp-json\/wp\/v2\/product_cat?post=16386"},{"taxonomy":"product_tag","embeddable":true,"href":"https:\/\/sundar.be\/fr\/wp-json\/wp\/v2\/product_tag?post=16386"}],"curies":[{"name":"wp","href":"https:\/\/api.w.org\/{rel}","templated":true}]}}