{"id":16379,"date":"2021-09-29T17:35:34","date_gmt":"2021-09-29T15:35:34","guid":{"rendered":"https:\/\/sundar.be\/product\/super-hardener\/"},"modified":"2025-11-25T15:27:40","modified_gmt":"2025-11-25T14:27:40","slug":"super-hardener","status":"publish","type":"product","link":"https:\/\/sundar.be\/fr\/produit\/super-hardener\/","title":{"rendered":"LCN Super Hardener"},"content":{"rendered":"<p><strong>Super Hardener<\/strong> est un top coat de haute performance qui non seulement prot\u00e8ge le vernis, mais renforce \u00e9galement l\u2019ongle lui-m\u00eame. Sa formule cr\u00e9e une couche protectrice dure et brillante qui pr\u00e9vient le d\u00e9doublement, la casse et l\u2019usure tout en garantissant une manucure professionnelle et longue tenue. <\/p>\n","protected":false},"excerpt":{"rendered":"<p>Super Hardener renforce les ongles fragiles et scelle le vernis avec une couche brillante r\u00e9sistante aux rayures. Les ongles restent beaux plus longtemps et paraissent plus forts, plus lisses et plus r\u00e9sistants. <\/p>\n","protected":false},"featured_media":12362,"comment_status":"closed","ping_status":"closed","template":"","meta":{"_acf_changed":false},"product_brand":[],"product_cat":[4936,1467,4907,6222],"product_tag":[2715],"class_list":{"0":"post-16379","1":"product","2":"type-product","3":"status-publish","4":"has-post-thumbnail","6":"product_cat-lcn-fr","7":"product_cat-lcn-soin-des-ongles","8":"product_cat-soins","9":"product_cat-lcn-soins-des-ongles-top-coats","10":"product_tag-lcn-fr","11":"pa_inhoud-16-ml-fr","12":"pa_inhoud-8-ml-fr","14":"first","15":"instock","16":"taxable","17":"shipping-taxable","18":"product-type-variable"},"acf":[],"_links":{"self":[{"href":"https:\/\/sundar.be\/fr\/wp-json\/wp\/v2\/product\/16379","targetHints":{"allow":["GET"]}}],"collection":[{"href":"https:\/\/sundar.be\/fr\/wp-json\/wp\/v2\/product"}],"about":[{"href":"https:\/\/sundar.be\/fr\/wp-json\/wp\/v2\/types\/product"}],"replies":[{"embeddable":true,"href":"https:\/\/sundar.be\/fr\/wp-json\/wp\/v2\/comments?post=16379"}],"wp:featuredmedia":[{"embeddable":true,"href":"https:\/\/sundar.be\/fr\/wp-json\/wp\/v2\/media\/12362"}],"wp:attachment":[{"href":"https:\/\/sundar.be\/fr\/wp-json\/wp\/v2\/media?parent=16379"}],"wp:term":[{"taxonomy":"product_brand","embeddable":true,"href":"https:\/\/sundar.be\/fr\/wp-json\/wp\/v2\/product_brand?post=16379"},{"taxonomy":"product_cat","embeddable":true,"href":"https:\/\/sundar.be\/fr\/wp-json\/wp\/v2\/product_cat?post=16379"},{"taxonomy":"product_tag","embeddable":true,"href":"https:\/\/sundar.be\/fr\/wp-json\/wp\/v2\/product_tag?post=16379"}],"curies":[{"name":"wp","href":"https:\/\/api.w.org\/{rel}","templated":true}]}}