{"id":16372,"date":"2021-09-29T17:35:34","date_gmt":"2021-09-29T15:35:34","guid":{"rendered":"https:\/\/sundar.be\/product\/top-coat-flash-dry-shine\/"},"modified":"2025-11-25T15:25:29","modified_gmt":"2025-11-25T14:25:29","slug":"top-coat-flash-dry-shine","status":"publish","type":"product","link":"https:\/\/sundar.be\/fr\/produit\/top-coat-flash-dry-shine\/","title":{"rendered":"LCN Top Coat Flash Dry &amp; Shine"},"content":{"rendered":"<p><strong>Top Coat Flash Dry &amp; Shine<\/strong> est un top coat haute performance qui fait s\u00e9cher le vernis en un temps record tout en apportant une finition ultra brillante. Sa formule forme une couche protectrice dure qui pr\u00e9vient l\u2019usure, les rayures et l\u2019\u00e9caillement, pour une manucure qui reste impeccable plus longtemps. <\/p>\n","protected":false},"excerpt":{"rendered":"<p>Top Coat Flash Dry &amp; Shine acc\u00e9l\u00e8re le s\u00e9chage du vernis et offre une brillance miroir durable. Les ongles restent prot\u00e9g\u00e9s, forts et parfaitement finis comme au salon. <\/p>\n","protected":false},"featured_media":12355,"comment_status":"closed","ping_status":"closed","template":"","meta":{"_acf_changed":false},"product_brand":[],"product_cat":[4936,1467,4907,6222],"product_tag":[2715],"class_list":{"0":"post-16372","1":"product","2":"type-product","3":"status-publish","4":"has-post-thumbnail","6":"product_cat-lcn-fr","7":"product_cat-lcn-soin-des-ongles","8":"product_cat-soins","9":"product_cat-lcn-soins-des-ongles-top-coats","10":"product_tag-lcn-fr","11":"pa_inhoud-16-ml-fr","12":"pa_inhoud-8-ml-fr","14":"first","15":"instock","16":"taxable","17":"shipping-taxable","18":"product-type-variable"},"acf":[],"_links":{"self":[{"href":"https:\/\/sundar.be\/fr\/wp-json\/wp\/v2\/product\/16372","targetHints":{"allow":["GET"]}}],"collection":[{"href":"https:\/\/sundar.be\/fr\/wp-json\/wp\/v2\/product"}],"about":[{"href":"https:\/\/sundar.be\/fr\/wp-json\/wp\/v2\/types\/product"}],"replies":[{"embeddable":true,"href":"https:\/\/sundar.be\/fr\/wp-json\/wp\/v2\/comments?post=16372"}],"wp:featuredmedia":[{"embeddable":true,"href":"https:\/\/sundar.be\/fr\/wp-json\/wp\/v2\/media\/12355"}],"wp:attachment":[{"href":"https:\/\/sundar.be\/fr\/wp-json\/wp\/v2\/media?parent=16372"}],"wp:term":[{"taxonomy":"product_brand","embeddable":true,"href":"https:\/\/sundar.be\/fr\/wp-json\/wp\/v2\/product_brand?post=16372"},{"taxonomy":"product_cat","embeddable":true,"href":"https:\/\/sundar.be\/fr\/wp-json\/wp\/v2\/product_cat?post=16372"},{"taxonomy":"product_tag","embeddable":true,"href":"https:\/\/sundar.be\/fr\/wp-json\/wp\/v2\/product_tag?post=16372"}],"curies":[{"name":"wp","href":"https:\/\/api.w.org\/{rel}","templated":true}]}}