{"id":16357,"date":"2021-09-29T17:33:12","date_gmt":"2021-09-29T15:33:12","guid":{"rendered":"https:\/\/sundar.be\/product\/no-more-ridges\/"},"modified":"2025-11-25T15:27:31","modified_gmt":"2025-11-25T14:27:31","slug":"no-more-ridges","status":"publish","type":"product","link":"https:\/\/sundar.be\/fr\/produit\/no-more-ridges\/","title":{"rendered":"LCN No More Ridges"},"content":{"rendered":"<p><strong>No More Ridges<\/strong> est un vernis lissant correcteur de stries qui comble instantan\u00e9ment les irr\u00e9gularit\u00e9s, rainures et stries de la plaque ungu\u00e9ale pour obtenir une surface uniforme, lisse et soign\u00e9e. Disponible en White et Pink, il cr\u00e9e une base parfaite pour l\u2019application du vernis tout en donnant un aspect plus fort, plus sain et imm\u00e9diatement embelli aux ongles. <\/p>\n","protected":false},"excerpt":{"rendered":"<p>No More Ridges corrige les stries et les imperfections et lisse la surface de l\u2019ongle pour un r\u00e9sultat homog\u00e8ne et soign\u00e9. Les ongles paraissent plus nets, plus r\u00e9guliers et constituent la base id\u00e9ale pour une manucure impeccable. <\/p>\n","protected":false},"featured_media":12340,"comment_status":"closed","ping_status":"closed","template":"","meta":{"_acf_changed":false},"product_brand":[],"product_cat":[1470,4936,1467,4907],"product_tag":[2715],"class_list":{"0":"post-16357","1":"product","2":"type-product","3":"status-publish","4":"has-post-thumbnail","6":"product_cat-lcn-soin-des-ongles-base-coats","7":"product_cat-lcn-fr","8":"product_cat-lcn-soin-des-ongles","9":"product_cat-soins","10":"product_tag-lcn-fr","11":"pa_inhoud-16-ml-fr","12":"pa_inhoud-8-ml-fr","13":"pa_kleur-pink-2","14":"pa_kleur-white-1","16":"first","17":"instock","18":"taxable","19":"shipping-taxable","20":"product-type-variable"},"acf":[],"_links":{"self":[{"href":"https:\/\/sundar.be\/fr\/wp-json\/wp\/v2\/product\/16357","targetHints":{"allow":["GET"]}}],"collection":[{"href":"https:\/\/sundar.be\/fr\/wp-json\/wp\/v2\/product"}],"about":[{"href":"https:\/\/sundar.be\/fr\/wp-json\/wp\/v2\/types\/product"}],"replies":[{"embeddable":true,"href":"https:\/\/sundar.be\/fr\/wp-json\/wp\/v2\/comments?post=16357"}],"wp:featuredmedia":[{"embeddable":true,"href":"https:\/\/sundar.be\/fr\/wp-json\/wp\/v2\/media\/12340"}],"wp:attachment":[{"href":"https:\/\/sundar.be\/fr\/wp-json\/wp\/v2\/media?parent=16357"}],"wp:term":[{"taxonomy":"product_brand","embeddable":true,"href":"https:\/\/sundar.be\/fr\/wp-json\/wp\/v2\/product_brand?post=16357"},{"taxonomy":"product_cat","embeddable":true,"href":"https:\/\/sundar.be\/fr\/wp-json\/wp\/v2\/product_cat?post=16357"},{"taxonomy":"product_tag","embeddable":true,"href":"https:\/\/sundar.be\/fr\/wp-json\/wp\/v2\/product_tag?post=16357"}],"curies":[{"name":"wp","href":"https:\/\/api.w.org\/{rel}","templated":true}]}}