{"id":16350,"date":"2021-09-29T17:33:12","date_gmt":"2021-09-29T15:33:12","guid":{"rendered":"https:\/\/sundar.be\/product\/nail-hardener\/"},"modified":"2025-11-25T15:27:34","modified_gmt":"2025-11-25T14:27:34","slug":"nail-hardener","status":"publish","type":"product","link":"https:\/\/sundar.be\/fr\/produit\/nail-hardener\/","title":{"rendered":"LCN Nail Hardener, 8ml"},"content":{"rendered":"<p><strong>Nail Hardener<\/strong> est un soin fortifiant pour les ongles con\u00e7u pour renforcer et prot\u00e9ger les ongles faibles, d\u00e9doubl\u00e9s ou cassants. Sa formule performante forme une couche durable et flexible qui consolide la structure de l\u2019ongle et aide \u00e0 pr\u00e9venir les dommages, tout en am\u00e9liorant l\u2019\u00e9tat g\u00e9n\u00e9ral de l\u2019ongle gr\u00e2ce \u00e0 des ingr\u00e9dients nourrissants. <\/p>\n","protected":false},"excerpt":{"rendered":"<p>Nail Hardener renforce les ongles fragiles et r\u00e9duit le d\u00e9doublement et la casse d\u00e8s les premi\u00e8res applications. Les ongles deviennent plus r\u00e9sistants, plus lisses et mieux prot\u00e9g\u00e9s contre les agressions quotidiennes. <\/p>\n","protected":false},"featured_media":12333,"comment_status":"closed","ping_status":"closed","template":"","meta":{"_acf_changed":false},"product_brand":[],"product_cat":[1470,4936,1477,1467,4907],"product_tag":[2715],"class_list":{"0":"post-16350","1":"product","2":"type-product","3":"status-publish","4":"has-post-thumbnail","6":"product_cat-lcn-soin-des-ongles-base-coats","7":"product_cat-lcn-fr","8":"product_cat-lcn-soins-ongles-regeneration","9":"product_cat-lcn-soin-des-ongles","10":"product_cat-soins","11":"product_tag-lcn-fr","12":"pa_inhoud-16-ml-fr","13":"pa_inhoud-8-ml-fr","15":"first","16":"instock","17":"taxable","18":"shipping-taxable","19":"product-type-simple"},"acf":[],"_links":{"self":[{"href":"https:\/\/sundar.be\/fr\/wp-json\/wp\/v2\/product\/16350","targetHints":{"allow":["GET"]}}],"collection":[{"href":"https:\/\/sundar.be\/fr\/wp-json\/wp\/v2\/product"}],"about":[{"href":"https:\/\/sundar.be\/fr\/wp-json\/wp\/v2\/types\/product"}],"replies":[{"embeddable":true,"href":"https:\/\/sundar.be\/fr\/wp-json\/wp\/v2\/comments?post=16350"}],"wp:featuredmedia":[{"embeddable":true,"href":"https:\/\/sundar.be\/fr\/wp-json\/wp\/v2\/media\/12333"}],"wp:attachment":[{"href":"https:\/\/sundar.be\/fr\/wp-json\/wp\/v2\/media?parent=16350"}],"wp:term":[{"taxonomy":"product_brand","embeddable":true,"href":"https:\/\/sundar.be\/fr\/wp-json\/wp\/v2\/product_brand?post=16350"},{"taxonomy":"product_cat","embeddable":true,"href":"https:\/\/sundar.be\/fr\/wp-json\/wp\/v2\/product_cat?post=16350"},{"taxonomy":"product_tag","embeddable":true,"href":"https:\/\/sundar.be\/fr\/wp-json\/wp\/v2\/product_tag?post=16350"}],"curies":[{"name":"wp","href":"https:\/\/api.w.org\/{rel}","templated":true}]}}