{"id":16335,"date":"2021-09-29T17:33:12","date_gmt":"2021-09-29T15:33:12","guid":{"rendered":"https:\/\/sundar.be\/product\/diamond-base\/"},"modified":"2025-12-18T09:04:57","modified_gmt":"2025-12-18T08:04:57","slug":"diamond-base","status":"publish","type":"product","link":"https:\/\/sundar.be\/fr\/produit\/diamond-base\/","title":{"rendered":"LCN Diamond base"},"content":{"rendered":"<p><span style=\"color: #557e96;\"><strong>Diamond Base<\/strong><\/span> est une base coat de haute qualit\u00e9 \u2013 disponible en <em data-start=\"96\" data-end=\"103\">White <\/em>et en <em data-start=\"107\" data-end=\"113\" data-is-only-node=\"\">Pink <\/em>\u2013 con\u00e7ue pour renforcer les ongles et assurer une adh\u00e9rence durable de la manucure color\u00e9e. La formule contient de la poudre de diamant pour une duret\u00e9 renforc\u00e9e et une finition brillante et uniforme, rendant les ongles imm\u00e9diatement plus forts et plus beaux, m\u00eame avant l\u2019application du vernis color\u00e9.<\/p>\n","protected":false},"excerpt":{"rendered":"<p><span style=\"color: #557e96;\"><strong>Diamond Base<\/strong><\/span> renforce l\u2019ongle tout en cr\u00e9ant une base lisse et protectrice pour le vernis. La manucure dure plus longtemps et les ongles paraissent imm\u00e9diatement plus brillants, uniformes et sains. <\/p>\n","protected":false},"featured_media":12318,"comment_status":"closed","ping_status":"closed","template":"","meta":{"_acf_changed":false},"product_brand":[],"product_cat":[1470,4936,1467,4907],"product_tag":[2715],"class_list":{"0":"post-16335","1":"product","2":"type-product","3":"status-publish","4":"has-post-thumbnail","6":"product_cat-lcn-soin-des-ongles-base-coats","7":"product_cat-lcn-fr","8":"product_cat-lcn-soin-des-ongles","9":"product_cat-soins","10":"product_tag-lcn-fr","11":"pa_inhoud-16-ml-fr","12":"pa_inhoud-8-ml-fr","13":"pa_kleur-pink-1","14":"pa_kleur-white-4","16":"first","17":"instock","18":"taxable","19":"shipping-taxable","20":"product-type-variable"},"acf":[],"_links":{"self":[{"href":"https:\/\/sundar.be\/fr\/wp-json\/wp\/v2\/product\/16335","targetHints":{"allow":["GET"]}}],"collection":[{"href":"https:\/\/sundar.be\/fr\/wp-json\/wp\/v2\/product"}],"about":[{"href":"https:\/\/sundar.be\/fr\/wp-json\/wp\/v2\/types\/product"}],"replies":[{"embeddable":true,"href":"https:\/\/sundar.be\/fr\/wp-json\/wp\/v2\/comments?post=16335"}],"wp:featuredmedia":[{"embeddable":true,"href":"https:\/\/sundar.be\/fr\/wp-json\/wp\/v2\/media\/12318"}],"wp:attachment":[{"href":"https:\/\/sundar.be\/fr\/wp-json\/wp\/v2\/media?parent=16335"}],"wp:term":[{"taxonomy":"product_brand","embeddable":true,"href":"https:\/\/sundar.be\/fr\/wp-json\/wp\/v2\/product_brand?post=16335"},{"taxonomy":"product_cat","embeddable":true,"href":"https:\/\/sundar.be\/fr\/wp-json\/wp\/v2\/product_cat?post=16335"},{"taxonomy":"product_tag","embeddable":true,"href":"https:\/\/sundar.be\/fr\/wp-json\/wp\/v2\/product_tag?post=16335"}],"curies":[{"name":"wp","href":"https:\/\/api.w.org\/{rel}","templated":true}]}}