{"id":16325,"date":"2021-09-29T17:33:12","date_gmt":"2021-09-29T15:33:12","guid":{"rendered":"https:\/\/sundar.be\/product\/nail-oil\/"},"modified":"2026-01-30T09:48:53","modified_gmt":"2026-01-30T08:48:53","slug":"nail-oil","status":"publish","type":"product","link":"https:\/\/sundar.be\/fr\/produit\/nail-oil\/","title":{"rendered":"Nail Oil"},"content":{"rendered":"<p><span style=\"color: #557e96;\"><strong>Nail Oil<\/strong><\/span> est une huile nourrissante et r\u00e9paratrice pour les ongles qui prend soin en profondeur des ongles et des cuticules pour un aspect sain, fort et brillant. Sa formule riche \u00e0 base d\u2019huiles v\u00e9g\u00e9tales p\u00e9n\u00e8tre rapidement et aide \u00e0 pr\u00e9venir la s\u00e9cheresse, le d\u00e9doublement et la fragilit\u00e9 tout en gardant les cuticules douces et souples.<\/p>\n","protected":false},"excerpt":{"rendered":"<p>Nail Oil renforce et nourrit les ongles et les cuticules tout en aidant les ongles cassants et secs \u00e0 retrouver \u00e9clat, souplesse et r\u00e9sistance. Les ongles deviennent moins fragiles et poussent de mani\u00e8re visiblement plus saine et plus robuste.<\/p>\n","protected":false},"featured_media":59007,"comment_status":"closed","ping_status":"closed","template":"","meta":{"_acf_changed":false},"product_brand":[],"product_cat":[4970,4936,4761,1477,2772,1467,4907],"product_tag":[2715],"class_list":{"0":"post-16325","1":"product","2":"type-product","3":"status-publish","4":"has-post-thumbnail","6":"product_cat-manucure-huiles-ongles","7":"product_cat-lcn-fr","8":"product_cat-pose-ongles","9":"product_cat-lcn-soins-ongles-regeneration","10":"product_cat-manucure-soin-mains","11":"product_cat-lcn-soin-des-ongles","12":"product_cat-soins","13":"product_tag-lcn-fr","14":"pa_inhoud-16-ml-fr","15":"pa_inhoud-50-ml-fr","16":"pa_inhoud-8-ml-fr","18":"first","19":"instock","20":"taxable","21":"shipping-taxable","22":"product-type-variable"},"acf":[],"_links":{"self":[{"href":"https:\/\/sundar.be\/fr\/wp-json\/wp\/v2\/product\/16325","targetHints":{"allow":["GET"]}}],"collection":[{"href":"https:\/\/sundar.be\/fr\/wp-json\/wp\/v2\/product"}],"about":[{"href":"https:\/\/sundar.be\/fr\/wp-json\/wp\/v2\/types\/product"}],"replies":[{"embeddable":true,"href":"https:\/\/sundar.be\/fr\/wp-json\/wp\/v2\/comments?post=16325"}],"wp:featuredmedia":[{"embeddable":true,"href":"https:\/\/sundar.be\/fr\/wp-json\/wp\/v2\/media\/59007"}],"wp:attachment":[{"href":"https:\/\/sundar.be\/fr\/wp-json\/wp\/v2\/media?parent=16325"}],"wp:term":[{"taxonomy":"product_brand","embeddable":true,"href":"https:\/\/sundar.be\/fr\/wp-json\/wp\/v2\/product_brand?post=16325"},{"taxonomy":"product_cat","embeddable":true,"href":"https:\/\/sundar.be\/fr\/wp-json\/wp\/v2\/product_cat?post=16325"},{"taxonomy":"product_tag","embeddable":true,"href":"https:\/\/sundar.be\/fr\/wp-json\/wp\/v2\/product_tag?post=16325"}],"curies":[{"name":"wp","href":"https:\/\/api.w.org\/{rel}","templated":true}]}}