{"id":16318,"date":"2021-09-29T17:33:12","date_gmt":"2021-09-29T15:33:12","guid":{"rendered":"https:\/\/sundar.be\/product\/active-apricot-nail-gowth\/"},"modified":"2025-12-18T07:53:56","modified_gmt":"2025-12-18T06:53:56","slug":"active-apricot-nail-gowth","status":"publish","type":"product","link":"https:\/\/sundar.be\/fr\/produit\/active-apricot-nail-gowth\/","title":{"rendered":"LCN Active Apricot Nail Gowth"},"content":{"rendered":"<p><span style=\"color: #557e96;\"><strong>Active Apricot Nail Growth<\/strong><\/span> est un r\u00e9g\u00e9n\u00e9rateur d\u2019ongles qui soutient la croissance naturelle des ongles tout en am\u00e9liorant visiblement l\u2019\u00e9tat de la plaque ungu\u00e9ale et des cuticules. Sa texture l\u00e9g\u00e8re en gel est enrichie en agents hydratants, provitamines et prot\u00e9ines pour revitaliser et renforcer les ongles fragilis\u00e9s, cassants ou \u00e0 croissance lente. <\/p>\n<p>&nbsp;<\/p>\n","protected":false},"excerpt":{"rendered":"<p>Active Apricot Nail Growth stimule la croissance des ongles et restaure la vitalit\u00e9 des ongles affaiblis. Avec une utilisation r\u00e9guli\u00e8re, les ongles deviennent plus r\u00e9sistants, plus lisses et moins sujets \u00e0 la casse. <\/p>\n","protected":false},"featured_media":12301,"comment_status":"closed","ping_status":"closed","template":"","meta":{"_acf_changed":false},"product_brand":[],"product_cat":[4970,4936,4761,1477,2772,1467,4907],"product_tag":[2715],"class_list":{"0":"post-16318","1":"product","2":"type-product","3":"status-publish","4":"has-post-thumbnail","6":"product_cat-manucure-huiles-ongles","7":"product_cat-lcn-fr","8":"product_cat-pose-ongles","9":"product_cat-lcn-soins-ongles-regeneration","10":"product_cat-manucure-soin-mains","11":"product_cat-lcn-soin-des-ongles","12":"product_cat-soins","13":"product_tag-lcn-fr","14":"pa_inhoud-16-ml-fr","15":"pa_inhoud-8-ml-fr","17":"first","18":"instock","19":"taxable","20":"shipping-taxable","21":"product-type-variable"},"acf":[],"_links":{"self":[{"href":"https:\/\/sundar.be\/fr\/wp-json\/wp\/v2\/product\/16318","targetHints":{"allow":["GET"]}}],"collection":[{"href":"https:\/\/sundar.be\/fr\/wp-json\/wp\/v2\/product"}],"about":[{"href":"https:\/\/sundar.be\/fr\/wp-json\/wp\/v2\/types\/product"}],"replies":[{"embeddable":true,"href":"https:\/\/sundar.be\/fr\/wp-json\/wp\/v2\/comments?post=16318"}],"wp:featuredmedia":[{"embeddable":true,"href":"https:\/\/sundar.be\/fr\/wp-json\/wp\/v2\/media\/12301"}],"wp:attachment":[{"href":"https:\/\/sundar.be\/fr\/wp-json\/wp\/v2\/media?parent=16318"}],"wp:term":[{"taxonomy":"product_brand","embeddable":true,"href":"https:\/\/sundar.be\/fr\/wp-json\/wp\/v2\/product_brand?post=16318"},{"taxonomy":"product_cat","embeddable":true,"href":"https:\/\/sundar.be\/fr\/wp-json\/wp\/v2\/product_cat?post=16318"},{"taxonomy":"product_tag","embeddable":true,"href":"https:\/\/sundar.be\/fr\/wp-json\/wp\/v2\/product_tag?post=16318"}],"curies":[{"name":"wp","href":"https:\/\/api.w.org\/{rel}","templated":true}]}}