{"id":16311,"date":"2021-09-29T17:33:12","date_gmt":"2021-09-29T15:33:12","guid":{"rendered":"https:\/\/sundar.be\/product\/nail-serum\/"},"modified":"2025-11-25T15:27:43","modified_gmt":"2025-11-25T14:27:43","slug":"nail-serum","status":"publish","type":"product","link":"https:\/\/sundar.be\/fr\/produit\/nail-serum\/","title":{"rendered":"LCN Nail Serum, 8ml"},"content":{"rendered":"<p><strong>Nail Serum<\/strong> est un s\u00e9rum intensif pour les ongles con\u00e7u pour renforcer la plaque ungu\u00e9ale de l\u2019int\u00e9rieur et soutenir la croissance naturelle de l\u2019ongle. Sa formule l\u00e9g\u00e8re \u00e0 absorption rapide contient un concentr\u00e9 de min\u00e9raux, vitamines et prot\u00e9ines qui redonnent vitalit\u00e9 et r\u00e9sistance aux ongles fragiles, ab\u00eem\u00e9s ou \u00e0 croissance lente. <\/p>\n<p>&nbsp;<\/p>\n","protected":false},"excerpt":{"rendered":"<p>Nail Serum nourrit et renforce la plaque ungu\u00e9ale en profondeur, r\u00e9duisant la casse, le d\u00e9doublement et la fragilit\u00e9. Le s\u00e9rum stimule la croissance naturelle de l\u2019ongle et permet d\u2019obtenir des ongles sains, lisses et r\u00e9sistants. <\/p>\n","protected":false},"featured_media":12294,"comment_status":"closed","ping_status":"closed","template":"","meta":{"_acf_changed":false},"product_brand":[],"product_cat":[4970,4936,4761,1477,2772,1467,4907],"product_tag":[2715],"class_list":{"0":"post-16311","1":"product","2":"type-product","3":"status-publish","4":"has-post-thumbnail","6":"product_cat-manucure-huiles-ongles","7":"product_cat-lcn-fr","8":"product_cat-pose-ongles","9":"product_cat-lcn-soins-ongles-regeneration","10":"product_cat-manucure-soin-mains","11":"product_cat-lcn-soin-des-ongles","12":"product_cat-soins","13":"product_tag-lcn-fr","14":"pa_inhoud-16-ml-fr","15":"pa_inhoud-8-ml-fr","17":"first","18":"instock","19":"taxable","20":"shipping-taxable","21":"product-type-variable"},"acf":[],"_links":{"self":[{"href":"https:\/\/sundar.be\/fr\/wp-json\/wp\/v2\/product\/16311","targetHints":{"allow":["GET"]}}],"collection":[{"href":"https:\/\/sundar.be\/fr\/wp-json\/wp\/v2\/product"}],"about":[{"href":"https:\/\/sundar.be\/fr\/wp-json\/wp\/v2\/types\/product"}],"replies":[{"embeddable":true,"href":"https:\/\/sundar.be\/fr\/wp-json\/wp\/v2\/comments?post=16311"}],"wp:featuredmedia":[{"embeddable":true,"href":"https:\/\/sundar.be\/fr\/wp-json\/wp\/v2\/media\/12294"}],"wp:attachment":[{"href":"https:\/\/sundar.be\/fr\/wp-json\/wp\/v2\/media?parent=16311"}],"wp:term":[{"taxonomy":"product_brand","embeddable":true,"href":"https:\/\/sundar.be\/fr\/wp-json\/wp\/v2\/product_brand?post=16311"},{"taxonomy":"product_cat","embeddable":true,"href":"https:\/\/sundar.be\/fr\/wp-json\/wp\/v2\/product_cat?post=16311"},{"taxonomy":"product_tag","embeddable":true,"href":"https:\/\/sundar.be\/fr\/wp-json\/wp\/v2\/product_tag?post=16311"}],"curies":[{"name":"wp","href":"https:\/\/api.w.org\/{rel}","templated":true}]}}