{"id":16291,"date":"2021-09-29T17:31:07","date_gmt":"2021-09-29T15:31:07","guid":{"rendered":"https:\/\/sundar.be\/product\/cuticle-softener\/"},"modified":"2025-12-18T08:57:12","modified_gmt":"2025-12-18T07:57:12","slug":"cuticle-softener","status":"publish","type":"product","link":"https:\/\/sundar.be\/fr\/produit\/cuticle-softener\/","title":{"rendered":"LCN Cuticle Softener"},"content":{"rendered":"<p><span style=\"color: #557e96;\"><strong>Cuticle Softener<\/strong><\/span> est un gel assouplissant qui rend rapidement les cuticules dures et s\u00e8ches souples afin qu\u2019elles puissent \u00eatre repouss\u00e9es ou retir\u00e9es facilement, sans agresser la peau. La formule pr\u00e9pare id\u00e9alement le contour de l\u2019ongle pour la manucure et garantit un r\u00e9sultat propre, lisse et soign\u00e9. <\/p>\n","protected":false},"excerpt":{"rendered":"<p><span style=\"color: #557e96;\"><strong>Cuticle Softener<\/strong><\/span> assouplit les cuticules en quelques minutes pour une prise en charge simple et sans douleur. Le contour de l\u2019ongle devient net, uniforme et parfaitement soign\u00e9. <\/p>\n","protected":false},"featured_media":59024,"comment_status":"closed","ping_status":"closed","template":"","meta":{"_acf_changed":false},"product_brand":[],"product_cat":[4970,4936,4761,6223,2772,1467,4907],"product_tag":[2715],"class_list":{"0":"post-16291","1":"product","2":"type-product","3":"status-publish","4":"has-post-thumbnail","6":"product_cat-manucure-huiles-ongles","7":"product_cat-lcn-fr","8":"product_cat-pose-ongles","9":"product_cat-lcn-soins-des-ongles-soin-de-base","10":"product_cat-manucure-soin-mains","11":"product_cat-lcn-soin-des-ongles","12":"product_cat-soins","13":"product_tag-lcn-fr","14":"pa_inhoud-16-ml-fr","15":"pa_inhoud-50-ml-fr","16":"pa_inhoud-8-ml-fr","18":"first","19":"instock","20":"taxable","21":"shipping-taxable","22":"product-type-variable"},"acf":[],"_links":{"self":[{"href":"https:\/\/sundar.be\/fr\/wp-json\/wp\/v2\/product\/16291","targetHints":{"allow":["GET"]}}],"collection":[{"href":"https:\/\/sundar.be\/fr\/wp-json\/wp\/v2\/product"}],"about":[{"href":"https:\/\/sundar.be\/fr\/wp-json\/wp\/v2\/types\/product"}],"replies":[{"embeddable":true,"href":"https:\/\/sundar.be\/fr\/wp-json\/wp\/v2\/comments?post=16291"}],"wp:featuredmedia":[{"embeddable":true,"href":"https:\/\/sundar.be\/fr\/wp-json\/wp\/v2\/media\/59024"}],"wp:attachment":[{"href":"https:\/\/sundar.be\/fr\/wp-json\/wp\/v2\/media?parent=16291"}],"wp:term":[{"taxonomy":"product_brand","embeddable":true,"href":"https:\/\/sundar.be\/fr\/wp-json\/wp\/v2\/product_brand?post=16291"},{"taxonomy":"product_cat","embeddable":true,"href":"https:\/\/sundar.be\/fr\/wp-json\/wp\/v2\/product_cat?post=16291"},{"taxonomy":"product_tag","embeddable":true,"href":"https:\/\/sundar.be\/fr\/wp-json\/wp\/v2\/product_tag?post=16291"}],"curies":[{"name":"wp","href":"https:\/\/api.w.org\/{rel}","templated":true}]}}