{"id":16230,"date":"2021-09-29T17:28:04","date_gmt":"2021-09-29T15:28:04","guid":{"rendered":"https:\/\/sundar.be\/product\/magic-top-coat\/"},"modified":"2025-11-25T17:02:58","modified_gmt":"2025-11-25T16:02:58","slug":"magic-top-coat","status":"publish","type":"product","link":"https:\/\/sundar.be\/fr\/produit\/magic-top-coat\/","title":{"rendered":"LCN Magic Top Coat 10ml"},"content":{"rendered":"<p>Magic Top Coat est un vernis UV brillant sans acide, sans couche de dispersion, avec une consistance fluide et un pinceau int\u00e9gr\u00e9 pour une application facile. En utilisant deux r\u00e9sines diff\u00e9rentes, Magic Top Coat cr\u00e9e deux couches apr\u00e8s le processus de durcissement (polym\u00e9risation) : une surface plus dure et une base plus souple. Ainsi, par exemple, lorsque la cliente se cogne l&rsquo;ongle et provoque une \u00e9gratignure, la \u00ab\u00a0base plus souple\u00a0\u00bb s&rsquo;\u00e9tend dans l&rsquo;espace laiss\u00e9 par l&rsquo;\u00e9gratignure. Cela cr\u00e9e \u00e0 nouveau une surface ferm\u00e9e. Un scellant parfait en combinaison avec n&rsquo;importe quel traitement pour les ongles.<\/p>\n<p>&nbsp;<\/p>\n","protected":false},"excerpt":{"rendered":"<p>Magic Top Coat est un vernis UV brillant sans acide, sans couche de dispersion, avec une consistance fluide et un pinceau int\u00e9gr\u00e9 pour une application facile.<\/p>\n","protected":false},"featured_media":12213,"comment_status":"closed","ping_status":"closed","template":"","meta":{"_acf_changed":false},"product_brand":[],"product_cat":[4951,4936,4949,4964],"product_tag":[2715],"class_list":{"0":"post-16230","1":"product","2":"type-product","3":"status-publish","4":"has-post-thumbnail","6":"product_cat-lcn-ongles-artificiels-gels-uv-premium","7":"product_cat-lcn-fr","8":"product_cat-lcn-ongles-artificiels","9":"product_cat-lcn-ongles-artificiels-gels-uv-premium-scellement","10":"product_tag-lcn-fr","11":"pa_kleur-babyboomer","12":"pa_kleur-clear","13":"pa_kleur-glimmer","14":"pa_kleur-milky-white","15":"pa_kleur-nude","16":"pa_kleur-rose-glimmer","18":"first","19":"instock","20":"taxable","21":"shipping-taxable","22":"product-type-variable"},"acf":[],"_links":{"self":[{"href":"https:\/\/sundar.be\/fr\/wp-json\/wp\/v2\/product\/16230","targetHints":{"allow":["GET"]}}],"collection":[{"href":"https:\/\/sundar.be\/fr\/wp-json\/wp\/v2\/product"}],"about":[{"href":"https:\/\/sundar.be\/fr\/wp-json\/wp\/v2\/types\/product"}],"replies":[{"embeddable":true,"href":"https:\/\/sundar.be\/fr\/wp-json\/wp\/v2\/comments?post=16230"}],"wp:featuredmedia":[{"embeddable":true,"href":"https:\/\/sundar.be\/fr\/wp-json\/wp\/v2\/media\/12213"}],"wp:attachment":[{"href":"https:\/\/sundar.be\/fr\/wp-json\/wp\/v2\/media?parent=16230"}],"wp:term":[{"taxonomy":"product_brand","embeddable":true,"href":"https:\/\/sundar.be\/fr\/wp-json\/wp\/v2\/product_brand?post=16230"},{"taxonomy":"product_cat","embeddable":true,"href":"https:\/\/sundar.be\/fr\/wp-json\/wp\/v2\/product_cat?post=16230"},{"taxonomy":"product_tag","embeddable":true,"href":"https:\/\/sundar.be\/fr\/wp-json\/wp\/v2\/product_tag?post=16230"}],"curies":[{"name":"wp","href":"https:\/\/api.w.org\/{rel}","templated":true}]}}