{"id":15398,"date":"2021-09-29T16:04:29","date_gmt":"2021-09-29T14:04:29","guid":{"rendered":"https:\/\/sundar.be\/product\/glaze-gel-uv-sealing-gel\/"},"modified":"2025-11-25T16:58:22","modified_gmt":"2025-11-25T15:58:22","slug":"glaze-gel-uv-sealing-gel","status":"publish","type":"product","link":"https:\/\/sundar.be\/fr\/produit\/glaze-gel-uv-sealing-gel\/","title":{"rendered":"LCN Glaze Gel &#8211; UV-Sealing Gel, 20ml"},"content":{"rendered":"<p>Le LCN Glaze Gel clear est un scellant tr\u00e8s brillant ayant la consistance d&rsquo;un gel. Gr\u00e2ce \u00e0 sa consistance g\u00e9lifi\u00e9e, le gel de gla\u00e7age ne coule pas dans la cuticule, est facile \u00e0 appliquer et peut \u00e9galement \u00eatre utilis\u00e9 comme gel de finition sur tous les plastiques photopolym\u00e9risables LCN. Scelleur de gel UV facile \u00e0 utiliser pour les nouveaux modelages, les recharges et le Nail Art.<\/p>\n","protected":false},"excerpt":{"rendered":"<p>Le LCN Glaze Gel clear est un scellant tr\u00e8s brillant ayant la consistance d&rsquo;un gel.<\/p>\n","protected":false},"featured_media":11375,"comment_status":"closed","ping_status":"closed","template":"","meta":{"_acf_changed":false},"product_brand":[],"product_cat":[4951,4936,4949,4964],"product_tag":[2715],"class_list":{"0":"post-15398","1":"product","2":"type-product","3":"status-publish","4":"has-post-thumbnail","6":"product_cat-lcn-ongles-artificiels-gels-uv-premium","7":"product_cat-lcn-fr","8":"product_cat-lcn-ongles-artificiels","9":"product_cat-lcn-ongles-artificiels-gels-uv-premium-scellement","10":"product_tag-lcn-fr","11":"pa_inhoud-10-ml-fr","12":"pa_inhoud-20-ml-fr","13":"pa_inhoud-5-ml-fr","15":"first","16":"instock","17":"taxable","18":"shipping-taxable","19":"product-type-simple"},"acf":[],"_links":{"self":[{"href":"https:\/\/sundar.be\/fr\/wp-json\/wp\/v2\/product\/15398","targetHints":{"allow":["GET"]}}],"collection":[{"href":"https:\/\/sundar.be\/fr\/wp-json\/wp\/v2\/product"}],"about":[{"href":"https:\/\/sundar.be\/fr\/wp-json\/wp\/v2\/types\/product"}],"replies":[{"embeddable":true,"href":"https:\/\/sundar.be\/fr\/wp-json\/wp\/v2\/comments?post=15398"}],"wp:featuredmedia":[{"embeddable":true,"href":"https:\/\/sundar.be\/fr\/wp-json\/wp\/v2\/media\/11375"}],"wp:attachment":[{"href":"https:\/\/sundar.be\/fr\/wp-json\/wp\/v2\/media?parent=15398"}],"wp:term":[{"taxonomy":"product_brand","embeddable":true,"href":"https:\/\/sundar.be\/fr\/wp-json\/wp\/v2\/product_brand?post=15398"},{"taxonomy":"product_cat","embeddable":true,"href":"https:\/\/sundar.be\/fr\/wp-json\/wp\/v2\/product_cat?post=15398"},{"taxonomy":"product_tag","embeddable":true,"href":"https:\/\/sundar.be\/fr\/wp-json\/wp\/v2\/product_tag?post=15398"}],"curies":[{"name":"wp","href":"https:\/\/api.w.org\/{rel}","templated":true}]}}