{"id":15374,"date":"2021-09-29T16:04:29","date_gmt":"2021-09-29T14:04:29","guid":{"rendered":"https:\/\/sundar.be\/product\/sealant-uv-sealing-gel\/"},"modified":"2025-11-25T17:01:46","modified_gmt":"2025-11-25T16:01:46","slug":"sealant-uv-sealing-gel","status":"publish","type":"product","link":"https:\/\/sundar.be\/fr\/produit\/sealant-uv-sealing-gel\/","title":{"rendered":"LCN Sealant UV-Sealing Gel"},"content":{"rendered":"<p>Le LCN Sealant permet de donner facilement une belle brillance \u00e0 l&rsquo;ongle apr\u00e8s le modelage. Avec cette finition \u00e9l\u00e9gante, vous terminerez votre traitement avec une perfection professionnelle et les yeux du client satisfait brilleront \u00e9galement. Nos clients appr\u00e9cient ce produit LCN de haute qualit\u00e9 parce qu&rsquo;il est facile et rapide \u00e0 appliquer et tr\u00e8s facile \u00e0 doser. Une brillance \u00e9clatante pour un fini magnifique. Pour une brillance optimale, utiliser le LCN Sealant en derni\u00e8re partie d&rsquo;un traitement en trois phases.<\/p>\n","protected":false},"excerpt":{"rendered":"<p>Le LCN Sealant permet de donner facilement une belle brillance \u00e0 l&rsquo;ongle apr\u00e8s le modelage.<\/p>\n","protected":false},"featured_media":11351,"comment_status":"closed","ping_status":"closed","template":"","meta":{"_acf_changed":false},"product_brand":[],"product_cat":[4951,4936,4949,4964],"product_tag":[2715],"class_list":{"0":"post-15374","1":"product","2":"type-product","3":"status-publish","4":"has-post-thumbnail","6":"product_cat-lcn-ongles-artificiels-gels-uv-premium","7":"product_cat-lcn-fr","8":"product_cat-lcn-ongles-artificiels","9":"product_cat-lcn-ongles-artificiels-gels-uv-premium-scellement","10":"product_tag-lcn-fr","11":"pa_inhoud-100-ml-fr","12":"pa_inhoud-15-ml-fr","13":"pa_inhoud-25-ml-fr","14":"pa_inhoud-5-ml-fr","15":"pa_kleur-clear","16":"pa_kleur-opak","17":"pa_kleur-pastel","18":"pa_kleur-pink","20":"first","21":"instock","22":"taxable","23":"shipping-taxable","24":"product-type-variable"},"acf":[],"_links":{"self":[{"href":"https:\/\/sundar.be\/fr\/wp-json\/wp\/v2\/product\/15374","targetHints":{"allow":["GET"]}}],"collection":[{"href":"https:\/\/sundar.be\/fr\/wp-json\/wp\/v2\/product"}],"about":[{"href":"https:\/\/sundar.be\/fr\/wp-json\/wp\/v2\/types\/product"}],"replies":[{"embeddable":true,"href":"https:\/\/sundar.be\/fr\/wp-json\/wp\/v2\/comments?post=15374"}],"wp:featuredmedia":[{"embeddable":true,"href":"https:\/\/sundar.be\/fr\/wp-json\/wp\/v2\/media\/11351"}],"wp:attachment":[{"href":"https:\/\/sundar.be\/fr\/wp-json\/wp\/v2\/media?parent=15374"}],"wp:term":[{"taxonomy":"product_brand","embeddable":true,"href":"https:\/\/sundar.be\/fr\/wp-json\/wp\/v2\/product_brand?post=15374"},{"taxonomy":"product_cat","embeddable":true,"href":"https:\/\/sundar.be\/fr\/wp-json\/wp\/v2\/product_cat?post=15374"},{"taxonomy":"product_tag","embeddable":true,"href":"https:\/\/sundar.be\/fr\/wp-json\/wp\/v2\/product_tag?post=15374"}],"curies":[{"name":"wp","href":"https:\/\/api.w.org\/{rel}","templated":true}]}}