{"id":15348,"date":"2021-09-29T16:02:34","date_gmt":"2021-09-29T14:02:34","guid":{"rendered":"https:\/\/sundar.be\/product\/fm-pearl-uv-french-gel\/"},"modified":"2025-11-25T16:57:29","modified_gmt":"2025-11-25T15:57:29","slug":"fm-pearl-uv-french-gel","status":"publish","type":"product","link":"https:\/\/sundar.be\/fr\/produit\/fm-pearl-uv-french-gel\/","title":{"rendered":"LCN FM-Pearl White UV-French Gel, 15ml"},"content":{"rendered":"<p>Gel fran\u00e7ais UV bleu-blanc pour des r\u00e9sultats d&rsquo;une blancheur \u00e9clatante. Pour le look populaire avec des pointes blanches pour l&rsquo;extension TIP, pour un nouveau modelage sur le bord libre de l&rsquo;ongle naturel et pour les recharges. Tous les gels LCN UV French sont compatibles avec tous les gels LCN UV. A n&rsquo;utiliser qu&rsquo;en combinaison avec un vernis \u00e0 ongles complet.<\/p>\n","protected":false},"excerpt":{"rendered":"<p>Gel fran\u00e7ais UV bleu-blanc pour des r\u00e9sultats d&rsquo;une blancheur \u00e9clatante.<\/p>\n","protected":false},"featured_media":21991,"comment_status":"closed","ping_status":"closed","template":"","meta":{"_acf_changed":false},"product_brand":[],"product_cat":[6195,6197,4951,4936,4949,1427],"product_tag":[2715],"class_list":{"0":"post-15348","1":"product","2":"type-product","3":"status-publish","4":"has-post-thumbnail","6":"product_cat-lcn-ongles-artificielles-uv-gels-premium-french","7":"product_cat-lcn-ongles-artificielles-gels-uv-pieds","8":"product_cat-lcn-ongles-artificiels-gels-uv-premium","9":"product_cat-lcn-fr","10":"product_cat-lcn-ongles-artificiels","11":"product_cat-lcn-soin-de-pieds","12":"product_tag-lcn-fr","13":"pa_viscositeit-normaal-fr","14":"pa_viscositeit-vast-fr","16":"first","17":"instock","18":"taxable","19":"shipping-taxable","20":"product-type-variable"},"acf":[],"_links":{"self":[{"href":"https:\/\/sundar.be\/fr\/wp-json\/wp\/v2\/product\/15348","targetHints":{"allow":["GET"]}}],"collection":[{"href":"https:\/\/sundar.be\/fr\/wp-json\/wp\/v2\/product"}],"about":[{"href":"https:\/\/sundar.be\/fr\/wp-json\/wp\/v2\/types\/product"}],"replies":[{"embeddable":true,"href":"https:\/\/sundar.be\/fr\/wp-json\/wp\/v2\/comments?post=15348"}],"wp:featuredmedia":[{"embeddable":true,"href":"https:\/\/sundar.be\/fr\/wp-json\/wp\/v2\/media\/21991"}],"wp:attachment":[{"href":"https:\/\/sundar.be\/fr\/wp-json\/wp\/v2\/media?parent=15348"}],"wp:term":[{"taxonomy":"product_brand","embeddable":true,"href":"https:\/\/sundar.be\/fr\/wp-json\/wp\/v2\/product_brand?post=15348"},{"taxonomy":"product_cat","embeddable":true,"href":"https:\/\/sundar.be\/fr\/wp-json\/wp\/v2\/product_cat?post=15348"},{"taxonomy":"product_tag","embeddable":true,"href":"https:\/\/sundar.be\/fr\/wp-json\/wp\/v2\/product_tag?post=15348"}],"curies":[{"name":"wp","href":"https:\/\/api.w.org\/{rel}","templated":true}]}}