{"id":15343,"date":"2021-09-29T16:02:34","date_gmt":"2021-09-29T14:02:34","guid":{"rendered":"https:\/\/sundar.be\/product\/fm-naturelle-uv-french-gel\/"},"modified":"2025-11-25T16:47:33","modified_gmt":"2025-11-25T15:47:33","slug":"fm-naturelle-uv-french-gel","status":"publish","type":"product","link":"https:\/\/sundar.be\/fr\/produit\/fm-naturelle-uv-french-gel\/","title":{"rendered":"LCN FM-Naturelle UV-French Gel, 15ml"},"content":{"rendered":"<p>Gel fran\u00e7ais UV pour un r\u00e9sultat qui ressemble \u00e0 la couleur du bord naturel de l&rsquo;ongle libre. A n&rsquo;utiliser qu&rsquo;en combinaison avec un vernis \u00e0 ongles complet. Tous les gels LCN UV French peuvent \u00eatre combin\u00e9s avec tous les gels LCN UV.<\/p>\n","protected":false},"excerpt":{"rendered":"<p>Gel fran\u00e7ais UV pour un r\u00e9sultat qui ressemble \u00e0 la couleur du bord naturel de l&rsquo;ongle libre.<\/p>\n","protected":false},"featured_media":11320,"comment_status":"closed","ping_status":"closed","template":"","meta":{"_acf_changed":false},"product_brand":[],"product_cat":[6195,6197,4951,4936,4949,1427],"product_tag":[2715],"class_list":{"0":"post-15343","1":"product","2":"type-product","3":"status-publish","4":"has-post-thumbnail","6":"product_cat-lcn-ongles-artificielles-uv-gels-premium-french","7":"product_cat-lcn-ongles-artificielles-gels-uv-pieds","8":"product_cat-lcn-ongles-artificiels-gels-uv-premium","9":"product_cat-lcn-fr","10":"product_cat-lcn-ongles-artificiels","11":"product_cat-lcn-soin-de-pieds","12":"product_tag-lcn-fr","13":"pa_inhoud-15-ml-fr","14":"pa_inhoud-5-ml-fr","15":"pa_viscositeit-normaal-fr","17":"first","18":"instock","19":"taxable","20":"shipping-taxable","21":"product-type-simple"},"acf":[],"_links":{"self":[{"href":"https:\/\/sundar.be\/fr\/wp-json\/wp\/v2\/product\/15343","targetHints":{"allow":["GET"]}}],"collection":[{"href":"https:\/\/sundar.be\/fr\/wp-json\/wp\/v2\/product"}],"about":[{"href":"https:\/\/sundar.be\/fr\/wp-json\/wp\/v2\/types\/product"}],"replies":[{"embeddable":true,"href":"https:\/\/sundar.be\/fr\/wp-json\/wp\/v2\/comments?post=15343"}],"wp:featuredmedia":[{"embeddable":true,"href":"https:\/\/sundar.be\/fr\/wp-json\/wp\/v2\/media\/11320"}],"wp:attachment":[{"href":"https:\/\/sundar.be\/fr\/wp-json\/wp\/v2\/media?parent=15343"}],"wp:term":[{"taxonomy":"product_brand","embeddable":true,"href":"https:\/\/sundar.be\/fr\/wp-json\/wp\/v2\/product_brand?post=15343"},{"taxonomy":"product_cat","embeddable":true,"href":"https:\/\/sundar.be\/fr\/wp-json\/wp\/v2\/product_cat?post=15343"},{"taxonomy":"product_tag","embeddable":true,"href":"https:\/\/sundar.be\/fr\/wp-json\/wp\/v2\/product_tag?post=15343"}],"curies":[{"name":"wp","href":"https:\/\/api.w.org\/{rel}","templated":true}]}}