{"id":15294,"date":"2021-09-29T16:00:49","date_gmt":"2021-09-29T14:00:49","guid":{"rendered":"https:\/\/sundar.be\/product\/fibertech-gel-uv-sculpting-extension-gel\/"},"modified":"2025-11-25T16:46:44","modified_gmt":"2025-11-25T15:46:44","slug":"fibertech-gel-uv-sculpting-extension-gel","status":"publish","type":"product","link":"https:\/\/sundar.be\/fr\/produit\/fibertech-gel-uv-sculpting-extension-gel\/","title":{"rendered":"LCN FiberTech Gel &#8211; UV-Sculpting &amp; Extension Gel"},"content":{"rendered":"<p>Laur\u00e9at du prix \u00ab\u00a0Readers Choice Award 2017\u00a0\u00bb du Forum de la beaut\u00e9 dans la cat\u00e9gorie plastique de modelage UV. LCN pr\u00e9sente la derni\u00e8re technologie de gel de fibre avec une fonction 2 en 1. Cette nouvelle formule combine l&rsquo;adh\u00e9rence et la construction. Le nouveau gel FiberTech est un gel de montage hautement constructible et durable, dot\u00e9 d&rsquo;excellentes propri\u00e9t\u00e9s d&rsquo;adh\u00e9rence. Incarnant la derni\u00e8re g\u00e9n\u00e9ration de fibres de verre synth\u00e9tiques, FiberTech Gel combine la clart\u00e9 d&rsquo;un gel avec la force et la puissance des particules de fibre de verre et une structure de gel simple.<\/p>\n<h2><\/h2>\n<p>&nbsp;<\/p>\n","protected":false},"excerpt":{"rendered":"<p>Le gel FiberTech est un gel de montage tr\u00e8s facile \u00e0 construire et tr\u00e8s durable, dot\u00e9 d&rsquo;excellentes propri\u00e9t\u00e9s d&rsquo;adh\u00e9rence.<\/p>\n","protected":false},"featured_media":11271,"comment_status":"closed","ping_status":"closed","template":"","meta":{"_acf_changed":false},"product_brand":[],"product_cat":[6193,4951,4936,4949],"product_tag":[2715],"class_list":{"0":"post-15294","1":"product","2":"type-product","3":"status-publish","4":"has-post-thumbnail","6":"product_cat-lcn-ongles-artificielles-uv-gels-premium-gels-de-construction","7":"product_cat-lcn-ongles-artificiels-gels-uv-premium","8":"product_cat-lcn-fr","9":"product_cat-lcn-ongles-artificiels","10":"product_tag-lcn-fr","11":"pa_inhoud-100-ml-fr","12":"pa_inhoud-20-ml-fr","13":"pa_inhoud-5-ml-fr","14":"pa_kleur-clear","15":"pa_kleur-milky-pink","16":"pa_kleur-milky-white","17":"pa_kleur-nude","19":"first","20":"instock","21":"taxable","22":"shipping-taxable","23":"product-type-variable"},"acf":[],"_links":{"self":[{"href":"https:\/\/sundar.be\/fr\/wp-json\/wp\/v2\/product\/15294","targetHints":{"allow":["GET"]}}],"collection":[{"href":"https:\/\/sundar.be\/fr\/wp-json\/wp\/v2\/product"}],"about":[{"href":"https:\/\/sundar.be\/fr\/wp-json\/wp\/v2\/types\/product"}],"replies":[{"embeddable":true,"href":"https:\/\/sundar.be\/fr\/wp-json\/wp\/v2\/comments?post=15294"}],"wp:featuredmedia":[{"embeddable":true,"href":"https:\/\/sundar.be\/fr\/wp-json\/wp\/v2\/media\/11271"}],"wp:attachment":[{"href":"https:\/\/sundar.be\/fr\/wp-json\/wp\/v2\/media?parent=15294"}],"wp:term":[{"taxonomy":"product_brand","embeddable":true,"href":"https:\/\/sundar.be\/fr\/wp-json\/wp\/v2\/product_brand?post=15294"},{"taxonomy":"product_cat","embeddable":true,"href":"https:\/\/sundar.be\/fr\/wp-json\/wp\/v2\/product_cat?post=15294"},{"taxonomy":"product_tag","embeddable":true,"href":"https:\/\/sundar.be\/fr\/wp-json\/wp\/v2\/product_tag?post=15294"}],"curies":[{"name":"wp","href":"https:\/\/api.w.org\/{rel}","templated":true}]}}