{"id":15283,"date":"2021-09-29T15:58:38","date_gmt":"2021-09-29T13:58:38","guid":{"rendered":"https:\/\/sundar.be\/product\/sculpture\/"},"modified":"2025-11-25T16:42:04","modified_gmt":"2025-11-25T15:42:04","slug":"sculpture","status":"publish","type":"product","link":"https:\/\/sundar.be\/fr\/produit\/sculpture\/","title":{"rendered":"LCN Sculpture"},"content":{"rendered":"<p>Sculpture est un gel UV hautement sculptable avec une grande t\u00e9nacit\u00e9 et des propri\u00e9t\u00e9s de construction optimales. A utiliser avec un nouveau set et des recharges pour des longueurs extr\u00eames ou des formes sp\u00e9ciales. A utiliser uniquement en combinaison avec un agent de liaison.  <\/p>\n","protected":false},"excerpt":{"rendered":"<p>Sculpture est un gel UV hautement sculptable avec une grande constance et des propri\u00e9t\u00e9s de construction optimales.<\/p>\n","protected":false},"featured_media":11260,"comment_status":"closed","ping_status":"closed","template":"","meta":{"_acf_changed":false},"product_brand":[],"product_cat":[6193,4951,4936,4949],"product_tag":[2715],"class_list":{"0":"post-15283","1":"product","2":"type-product","3":"status-publish","4":"has-post-thumbnail","6":"product_cat-lcn-ongles-artificielles-uv-gels-premium-gels-de-construction","7":"product_cat-lcn-ongles-artificiels-gels-uv-premium","8":"product_cat-lcn-fr","9":"product_cat-lcn-ongles-artificiels","10":"product_tag-lcn-fr","11":"pa_inhoud-100-ml-fr","12":"pa_inhoud-25-ml-fr","13":"pa_inhoud-5-ml-fr","14":"pa_kleur-clear","15":"pa_kleur-pastel","16":"pa_kleur-pink","18":"first","19":"instock","20":"taxable","21":"shipping-taxable","22":"product-type-variable"},"acf":[],"_links":{"self":[{"href":"https:\/\/sundar.be\/fr\/wp-json\/wp\/v2\/product\/15283","targetHints":{"allow":["GET"]}}],"collection":[{"href":"https:\/\/sundar.be\/fr\/wp-json\/wp\/v2\/product"}],"about":[{"href":"https:\/\/sundar.be\/fr\/wp-json\/wp\/v2\/types\/product"}],"replies":[{"embeddable":true,"href":"https:\/\/sundar.be\/fr\/wp-json\/wp\/v2\/comments?post=15283"}],"wp:featuredmedia":[{"embeddable":true,"href":"https:\/\/sundar.be\/fr\/wp-json\/wp\/v2\/media\/11260"}],"wp:attachment":[{"href":"https:\/\/sundar.be\/fr\/wp-json\/wp\/v2\/media?parent=15283"}],"wp:term":[{"taxonomy":"product_brand","embeddable":true,"href":"https:\/\/sundar.be\/fr\/wp-json\/wp\/v2\/product_brand?post=15283"},{"taxonomy":"product_cat","embeddable":true,"href":"https:\/\/sundar.be\/fr\/wp-json\/wp\/v2\/product_cat?post=15283"},{"taxonomy":"product_tag","embeddable":true,"href":"https:\/\/sundar.be\/fr\/wp-json\/wp\/v2\/product_tag?post=15283"}],"curies":[{"name":"wp","href":"https:\/\/api.w.org\/{rel}","templated":true}]}}