{"id":15268,"date":"2021-09-29T15:58:38","date_gmt":"2021-09-29T13:58:38","guid":{"rendered":"https:\/\/sundar.be\/product\/afo-building-gel-uv-sculpting-gel\/"},"modified":"2025-11-25T16:41:16","modified_gmt":"2025-11-25T15:41:16","slug":"afo-building-gel-uv-sculpting-gel","status":"publish","type":"product","link":"https:\/\/sundar.be\/fr\/produit\/afo-building-gel-uv-sculpting-gel\/","title":{"rendered":"LCN AFO Building Gel &#8211; UV-Sculpting Gel"},"content":{"rendered":"<p>La texture innovante tout-en-un (AFO) de ce gel haute performance offre des r\u00e9sultats parfaits pour tous les ongles souffrant de probl\u00e8mes de soul\u00e8vement extr\u00eame. Gel de renforcement et de modelage en combinaison avec AFO Nail Foundation et AFO Bonding Gel pour les ongles \u00e0 probl\u00e8mes. Le gel se travaille facilement et convient donc \u00e9galement aux stylistes d\u2019ongles novices. Le gel peut \u00eatre utilis\u00e9 pour \u00e9tendre avec des conseils et des mod\u00e8les.   <\/p>\n","protected":false},"excerpt":{"rendered":"<p>La texture innovante tout-en-un (AFO) de ce gel haute performance offre des r\u00e9sultats parfaits pour tous les ongles souffrant de probl\u00e8mes de soul\u00e8vement extr\u00eame.<\/p>\n","protected":false},"featured_media":11245,"comment_status":"closed","ping_status":"closed","template":"","meta":{"_acf_changed":false},"product_brand":[],"product_cat":[6193,4951,4936,4949],"product_tag":[2715],"class_list":{"0":"post-15268","1":"product","2":"type-product","3":"status-publish","4":"has-post-thumbnail","6":"product_cat-lcn-ongles-artificielles-uv-gels-premium-gels-de-construction","7":"product_cat-lcn-ongles-artificiels-gels-uv-premium","8":"product_cat-lcn-fr","9":"product_cat-lcn-ongles-artificiels","10":"product_tag-lcn-fr","11":"pa_inhoud-100-ml-fr","12":"pa_inhoud-15-ml-fr","13":"pa_inhoud-3-ml-fr","14":"pa_inhoud-40-ml-fr","15":"pa_kleur-clear","16":"pa_kleur-nude","17":"pa_kleur-pink","19":"first","20":"instock","21":"taxable","22":"shipping-taxable","23":"product-type-variable"},"acf":[],"_links":{"self":[{"href":"https:\/\/sundar.be\/fr\/wp-json\/wp\/v2\/product\/15268","targetHints":{"allow":["GET"]}}],"collection":[{"href":"https:\/\/sundar.be\/fr\/wp-json\/wp\/v2\/product"}],"about":[{"href":"https:\/\/sundar.be\/fr\/wp-json\/wp\/v2\/types\/product"}],"replies":[{"embeddable":true,"href":"https:\/\/sundar.be\/fr\/wp-json\/wp\/v2\/comments?post=15268"}],"wp:featuredmedia":[{"embeddable":true,"href":"https:\/\/sundar.be\/fr\/wp-json\/wp\/v2\/media\/11245"}],"wp:attachment":[{"href":"https:\/\/sundar.be\/fr\/wp-json\/wp\/v2\/media?parent=15268"}],"wp:term":[{"taxonomy":"product_brand","embeddable":true,"href":"https:\/\/sundar.be\/fr\/wp-json\/wp\/v2\/product_brand?post=15268"},{"taxonomy":"product_cat","embeddable":true,"href":"https:\/\/sundar.be\/fr\/wp-json\/wp\/v2\/product_cat?post=15268"},{"taxonomy":"product_tag","embeddable":true,"href":"https:\/\/sundar.be\/fr\/wp-json\/wp\/v2\/product_tag?post=15268"}],"curies":[{"name":"wp","href":"https:\/\/api.w.org\/{rel}","templated":true}]}}