{"id":15241,"date":"2021-09-29T15:56:00","date_gmt":"2021-09-29T13:56:00","guid":{"rendered":"https:\/\/sundar.be\/product\/one-component-resin-uv-sculpting-gel\/"},"modified":"2025-11-25T16:38:25","modified_gmt":"2025-11-25T15:38:25","slug":"one-component-resin-uv-sculpting-gel","status":"publish","type":"product","link":"https:\/\/sundar.be\/fr\/produit\/one-component-resin-uv-sculpting-gel\/","title":{"rendered":"LCN One Component Resin &#8211; UV-Sculpting Gel"},"content":{"rendered":"<p>Gel universel \u00e0 une phase offrant d&rsquo;excellentes performances dans tous les domaines. Adh\u00e9sion, modelage et scellement combin\u00e9s en un seul produit.  Facile \u00e0 utiliser et bien tol\u00e9r\u00e9. Convient pour les nouveaux sets et les mises \u00e0 jour d\u2019ongles de longueur normale. Peut \u00e9galement \u00eatre utilis\u00e9 pour les extensions au pochoir et pour cr\u00e9er des formes inhabituelles.  <\/p>\n","protected":false},"excerpt":{"rendered":"<p>Gel universel \u00e0 une phase offrant d&rsquo;excellentes performances dans tous les domaines. Adh\u00e9sion, modelage et scellement combin\u00e9s en un seul produit. <\/p>\n","protected":false},"featured_media":26012,"comment_status":"closed","ping_status":"closed","template":"","meta":{"_acf_changed":false},"product_brand":[],"product_cat":[6193,4951,4936,4949],"product_tag":[2715],"class_list":{"0":"post-15241","1":"product","2":"type-product","3":"status-publish","4":"has-post-thumbnail","6":"product_cat-lcn-ongles-artificielles-uv-gels-premium-gels-de-construction","7":"product_cat-lcn-ongles-artificiels-gels-uv-premium","8":"product_cat-lcn-fr","9":"product_cat-lcn-ongles-artificiels","10":"product_tag-lcn-fr","11":"pa_inhoud-100-ml-fr","12":"pa_inhoud-20-ml-fr","13":"pa_inhoud-40-ml-fr","14":"pa_inhoud-5-ml-fr","15":"pa_kleur-clear","16":"pa_kleur-opak","17":"pa_kleur-pastel","18":"pa_kleur-pink","19":"pa_kleur-soft-pastel","20":"pa_viscositeit-normaal-fr","21":"pa_viscositeit-vast-fr","23":"first","24":"instock","25":"taxable","26":"shipping-taxable","27":"product-type-variable"},"acf":[],"_links":{"self":[{"href":"https:\/\/sundar.be\/fr\/wp-json\/wp\/v2\/product\/15241","targetHints":{"allow":["GET"]}}],"collection":[{"href":"https:\/\/sundar.be\/fr\/wp-json\/wp\/v2\/product"}],"about":[{"href":"https:\/\/sundar.be\/fr\/wp-json\/wp\/v2\/types\/product"}],"replies":[{"embeddable":true,"href":"https:\/\/sundar.be\/fr\/wp-json\/wp\/v2\/comments?post=15241"}],"wp:featuredmedia":[{"embeddable":true,"href":"https:\/\/sundar.be\/fr\/wp-json\/wp\/v2\/media\/26012"}],"wp:attachment":[{"href":"https:\/\/sundar.be\/fr\/wp-json\/wp\/v2\/media?parent=15241"}],"wp:term":[{"taxonomy":"product_brand","embeddable":true,"href":"https:\/\/sundar.be\/fr\/wp-json\/wp\/v2\/product_brand?post=15241"},{"taxonomy":"product_cat","embeddable":true,"href":"https:\/\/sundar.be\/fr\/wp-json\/wp\/v2\/product_cat?post=15241"},{"taxonomy":"product_tag","embeddable":true,"href":"https:\/\/sundar.be\/fr\/wp-json\/wp\/v2\/product_tag?post=15241"}],"curies":[{"name":"wp","href":"https:\/\/api.w.org\/{rel}","templated":true}]}}