{"id":15235,"date":"2021-09-29T15:56:00","date_gmt":"2021-09-29T13:56:00","guid":{"rendered":"https:\/\/sundar.be\/product\/bondique-uv-sculpting-gel\/"},"modified":"2025-11-25T16:40:16","modified_gmt":"2025-11-25T15:40:16","slug":"bondique-uv-sculpting-gel","status":"publish","type":"product","link":"https:\/\/sundar.be\/fr\/produit\/bondique-uv-sculpting-gel\/","title":{"rendered":"LCN Bondique UV-Sculpting Gel"},"content":{"rendered":"<p>D\u00e9couvrez la <strong>nouvelle formule<\/strong> du gel LCN Bondique UV-Sculpting !<\/p>\n<p>LCN Bondique est un gel monophas\u00e9 particuli\u00e8rement \u00e9lastique et flexible avec une forte adh\u00e9rence. Facile \u00e0 appliquer. Bondique se lisse lors de l\u2019application et n\u2019a donc pratiquement pas besoin d\u2019\u00eatre lim\u00e9. Pour les nouveaux modelages et les remplissages d\u2019ongles courts avec une accumulation plus fine.  <\/p>\n<h4>Qu&rsquo;est-ce qui a chang\u00e9 ?<\/h4>\n<ul>\n<li>La texture a \u00e9t\u00e9 modifi\u00e9e pour \u00e9liminer l&rsquo;accumulation de chaleur pendant le durcissement.<\/li>\n<li>L\u00e9g\u00e8re optimisation de la texture pour une meilleure mod\u00e9lisation.<\/li>\n<li>L&rsquo;utilisation de nouveaux pigments permet de garantir la stabilit\u00e9 des couleurs.<\/li>\n<\/ul>\n","protected":false},"excerpt":{"rendered":"<p>LCN Bondique est un gel monophas\u00e9 particuli\u00e8rement \u00e9lastique et flexible avec une forte adh\u00e9rence.<\/p>\n","protected":false},"featured_media":37849,"comment_status":"closed","ping_status":"closed","template":"","meta":{"_acf_changed":false},"product_brand":[],"product_cat":[6193,4951,4936,4949],"product_tag":[2715],"class_list":{"0":"post-15235","1":"product","2":"type-product","3":"status-publish","4":"has-post-thumbnail","6":"product_cat-lcn-ongles-artificielles-uv-gels-premium-gels-de-construction","7":"product_cat-lcn-ongles-artificiels-gels-uv-premium","8":"product_cat-lcn-fr","9":"product_cat-lcn-ongles-artificiels","10":"product_tag-lcn-fr","11":"pa_inhoud-100-ml-fr","12":"pa_inhoud-20-ml-fr","13":"pa_inhoud-5-ml-fr","15":"first","16":"instock","17":"taxable","18":"shipping-taxable","19":"product-type-variable"},"acf":[],"_links":{"self":[{"href":"https:\/\/sundar.be\/fr\/wp-json\/wp\/v2\/product\/15235","targetHints":{"allow":["GET"]}}],"collection":[{"href":"https:\/\/sundar.be\/fr\/wp-json\/wp\/v2\/product"}],"about":[{"href":"https:\/\/sundar.be\/fr\/wp-json\/wp\/v2\/types\/product"}],"replies":[{"embeddable":true,"href":"https:\/\/sundar.be\/fr\/wp-json\/wp\/v2\/comments?post=15235"}],"wp:featuredmedia":[{"embeddable":true,"href":"https:\/\/sundar.be\/fr\/wp-json\/wp\/v2\/media\/37849"}],"wp:attachment":[{"href":"https:\/\/sundar.be\/fr\/wp-json\/wp\/v2\/media?parent=15235"}],"wp:term":[{"taxonomy":"product_brand","embeddable":true,"href":"https:\/\/sundar.be\/fr\/wp-json\/wp\/v2\/product_brand?post=15235"},{"taxonomy":"product_cat","embeddable":true,"href":"https:\/\/sundar.be\/fr\/wp-json\/wp\/v2\/product_cat?post=15235"},{"taxonomy":"product_tag","embeddable":true,"href":"https:\/\/sundar.be\/fr\/wp-json\/wp\/v2\/product_tag?post=15235"}],"curies":[{"name":"wp","href":"https:\/\/api.w.org\/{rel}","templated":true}]}}