{"id":15229,"date":"2021-09-29T15:53:29","date_gmt":"2021-09-29T13:53:29","guid":{"rendered":"https:\/\/sundar.be\/product\/base-coat-uv-bonding-agent\/"},"modified":"2025-11-25T16:32:46","modified_gmt":"2025-11-25T15:32:46","slug":"base-coat-uv-bonding-agent","status":"publish","type":"product","link":"https:\/\/sundar.be\/fr\/produit\/base-coat-uv-bonding-agent\/","title":{"rendered":"LCN Base Coat &#8211; UV Bonding Agent 10ml"},"content":{"rendered":"<p>Un adh\u00e9sif photopolym\u00e9risable \u00e0 faible teneur en acide avec de fortes propri\u00e9t\u00e9s d\u2019adh\u00e9sion. Il s\u2019agit d\u2019un liquide aqueux \u00e0 forte odeur. Compatible avec tous les gels de construction LCN.  <\/p>\n<p>&nbsp;<\/p>\n","protected":false},"excerpt":{"rendered":"<p>Un agent de liaison photopolym\u00e9risable sans TPO, \u00e0 faible teneur en acide, avec de fortes propri\u00e9t\u00e9s d\u2019adh\u00e9rence.<\/p>\n","protected":false},"featured_media":11206,"comment_status":"closed","ping_status":"closed","template":"","meta":{"_acf_changed":false},"product_brand":[],"product_cat":[4951,4936,4949,4962],"product_tag":[2715],"class_list":{"0":"post-15229","1":"product","2":"type-product","3":"status-publish","4":"has-post-thumbnail","6":"product_cat-lcn-ongles-artificiels-gels-uv-premium","7":"product_cat-lcn-fr","8":"product_cat-lcn-ongles-artificiels","9":"product_cat-lcn-gels-uv-prof-primer","10":"product_tag-lcn-fr","11":"pa_inhoud-10-ml-fr","12":"pa_inhoud-100-ml-fr","13":"pa_inhoud-5-ml-fr","15":"first","16":"instock","17":"taxable","18":"shipping-taxable","19":"product-type-simple"},"acf":[],"_links":{"self":[{"href":"https:\/\/sundar.be\/fr\/wp-json\/wp\/v2\/product\/15229","targetHints":{"allow":["GET"]}}],"collection":[{"href":"https:\/\/sundar.be\/fr\/wp-json\/wp\/v2\/product"}],"about":[{"href":"https:\/\/sundar.be\/fr\/wp-json\/wp\/v2\/types\/product"}],"replies":[{"embeddable":true,"href":"https:\/\/sundar.be\/fr\/wp-json\/wp\/v2\/comments?post=15229"}],"wp:featuredmedia":[{"embeddable":true,"href":"https:\/\/sundar.be\/fr\/wp-json\/wp\/v2\/media\/11206"}],"wp:attachment":[{"href":"https:\/\/sundar.be\/fr\/wp-json\/wp\/v2\/media?parent=15229"}],"wp:term":[{"taxonomy":"product_brand","embeddable":true,"href":"https:\/\/sundar.be\/fr\/wp-json\/wp\/v2\/product_brand?post=15229"},{"taxonomy":"product_cat","embeddable":true,"href":"https:\/\/sundar.be\/fr\/wp-json\/wp\/v2\/product_cat?post=15229"},{"taxonomy":"product_tag","embeddable":true,"href":"https:\/\/sundar.be\/fr\/wp-json\/wp\/v2\/product_tag?post=15229"}],"curies":[{"name":"wp","href":"https:\/\/api.w.org\/{rel}","templated":true}]}}