{"id":15110,"date":"2021-09-29T15:46:08","date_gmt":"2021-09-29T13:46:08","guid":{"rendered":"https:\/\/sundar.be\/product\/bio-glass-gel-sealer-stress-less\/"},"modified":"2025-06-11T18:10:21","modified_gmt":"2025-06-11T16:10:21","slug":"bio-glass-gel-sealer-stress-less","status":"publish","type":"product","link":"https:\/\/sundar.be\/fr\/produit\/bio-glass-gel-sealer-stress-less\/","title":{"rendered":"Bio Glass Gel Sealer \u00ab\u00a0Stress-less\u00a0\u00bb"},"content":{"rendered":"<p>Bio Glass Gel, notre ligne \u00ab\u00a0Nail Nurse\u00a0\u00bb est la solution parfaite pour les personnes souffrant d&rsquo;allergies et pour les ongles sensibles ou stress\u00e9s. Ce groupe de clients est en pleine expansion. Une mauvaise alimentation, une vie stressante, mais aussi les nombreux produits en plastique de mauvaise qualit\u00e9 qui inondent le march\u00e9 contribuent \u00e0 l&rsquo;augmentation de ce groupe cible. En tant que marque qui prend ses responsabilit\u00e9s et aime ses clients, nous voulons y r\u00e9pondre. Notre laboratoire scientifique a donc ajout\u00e9 \u00e0 notre gamme de produits phares un ingr\u00e9dient qui r\u00e9pond mieux que jamais aux probl\u00e8mes de ce groupe de clients.<\/p>\n","protected":false},"excerpt":{"rendered":"<p>Bio Glass Gel est la solution parfaite pour les personnes souffrant d&rsquo;allergies et pour les ongles sensibles ou stress\u00e9s.<\/p>\n","protected":false},"featured_media":10981,"comment_status":"closed","ping_status":"closed","template":"","meta":{"_acf_changed":false},"product_brand":[],"product_cat":[6218,4951,6214,4936,4949,4964],"product_tag":[2715],"class_list":{"0":"post-15110","1":"product","2":"type-product","3":"status-publish","4":"has-post-thumbnail","6":"product_cat-lcn-ongles-artificielles-highlights-bio-glass-gel","7":"product_cat-lcn-ongles-artificiels-gels-uv-premium","8":"product_cat-lcn-ongles-artificielles-highlights","9":"product_cat-lcn-fr","10":"product_cat-lcn-ongles-artificiels","11":"product_cat-lcn-ongles-artificiels-gels-uv-premium-scellement","12":"product_tag-lcn-fr","13":"pa_inhoud-10-ml-fr","14":"pa_inhoud-3-ml-fr","16":"first","17":"instock","18":"taxable","19":"shipping-taxable","20":"product-type-simple"},"acf":[],"_links":{"self":[{"href":"https:\/\/sundar.be\/fr\/wp-json\/wp\/v2\/product\/15110","targetHints":{"allow":["GET"]}}],"collection":[{"href":"https:\/\/sundar.be\/fr\/wp-json\/wp\/v2\/product"}],"about":[{"href":"https:\/\/sundar.be\/fr\/wp-json\/wp\/v2\/types\/product"}],"replies":[{"embeddable":true,"href":"https:\/\/sundar.be\/fr\/wp-json\/wp\/v2\/comments?post=15110"}],"wp:featuredmedia":[{"embeddable":true,"href":"https:\/\/sundar.be\/fr\/wp-json\/wp\/v2\/media\/10981"}],"wp:attachment":[{"href":"https:\/\/sundar.be\/fr\/wp-json\/wp\/v2\/media?parent=15110"}],"wp:term":[{"taxonomy":"product_brand","embeddable":true,"href":"https:\/\/sundar.be\/fr\/wp-json\/wp\/v2\/product_brand?post=15110"},{"taxonomy":"product_cat","embeddable":true,"href":"https:\/\/sundar.be\/fr\/wp-json\/wp\/v2\/product_cat?post=15110"},{"taxonomy":"product_tag","embeddable":true,"href":"https:\/\/sundar.be\/fr\/wp-json\/wp\/v2\/product_tag?post=15110"}],"curies":[{"name":"wp","href":"https:\/\/api.w.org\/{rel}","templated":true}]}}